{"id":9,"date":"2021-06-21T09:19:41","date_gmt":"2021-06-21T12:19:41","guid":{"rendered":"http:\/\/cccadv.com.br\/site\/?page_id=9"},"modified":"2022-08-30T13:48:38","modified_gmt":"2022-08-30T16:48:38","slug":"o-escritorio","status":"publish","type":"page","link":"https:\/\/cccadv.com.br\/site\/o-escritorio\/","title":{"rendered":"O Escrit\u00f3rio"},"content":{"rendered":"\t\t<div data-elementor-type=\"wp-page\" data-elementor-id=\"9\" class=\"elementor elementor-9\" data-elementor-settings=\"[]\">\n\t\t\t\t\t\t\t<div class=\"elementor-section-wrap\">\n\t\t\t\t\t\t\t<section class=\"elementor-section elementor-top-section elementor-element elementor-element-119fb42 elementor-section-full_width elementor-section-height-min-height elementor-section-height-default elementor-section-items-middle\" data-id=\"119fb42\" data-element_type=\"section\" data-settings=\"{&quot;background_background&quot;:&quot;classic&quot;}\">\n\t\t\t\t\t\t\t<div class=\"elementor-background-overlay\"><\/div>\n\t\t\t\t\t\t\t<div class=\"elementor-container elementor-column-gap-default\">\n\t\t\t\t\t<div class=\"elementor-column elementor-col-100 elementor-top-column elementor-element elementor-element-f20dbd7\" data-id=\"f20dbd7\" data-element_type=\"column\">\n\t\t\t<div class=\"elementor-widget-wrap elementor-element-populated\">\n\t\t\t\t\t\t\t\t<div class=\"elementor-element elementor-element-189d9df elementor-widget elementor-widget-heading\" data-id=\"189d9df\" data-element_type=\"widget\" data-widget_type=\"heading.default\">\n\t\t\t\t<div class=\"elementor-widget-container\">\n\t\t\t<h1 class=\"elementor-heading-title elementor-size-default\">COMO TRABALHAMOS\n<\/h1>\t\t<\/div>\n\t\t\t\t<\/div>\n\t\t\t\t<div class=\"elementor-element elementor-element-32c8c9b elementor-widget elementor-widget-text-editor\" data-id=\"32c8c9b\" data-element_type=\"widget\" data-widget_type=\"text-editor.default\">\n\t\t\t\t<div class=\"elementor-widget-container\">\n\t\t\t\t\t\t\t<p>\u00c9tica e foco nos interesses do cliente, visando o melhor resultado.<\/p>\t\t\t\t\t\t<\/div>\n\t\t\t\t<\/div>\n\t\t\t\t\t<\/div>\n\t\t<\/div>\n\t\t\t\t\t\t\t<\/div>\n\t\t<\/section>\n\t\t\t\t<section class=\"elementor-section elementor-top-section elementor-element elementor-element-f579a46 elementor-section-boxed elementor-section-height-default elementor-section-height-default\" data-id=\"f579a46\" data-element_type=\"section\">\n\t\t\t\t\t\t<div class=\"elementor-container elementor-column-gap-default\">\n\t\t\t\t\t<div class=\"elementor-column elementor-col-50 elementor-top-column elementor-element elementor-element-db77065\" data-id=\"db77065\" data-element_type=\"column\" data-settings=\"{&quot;background_background&quot;:&quot;classic&quot;}\">\n\t\t\t<div class=\"elementor-widget-wrap elementor-element-populated\">\n\t\t\t\t\t\t\t\t<div class=\"elementor-element elementor-element-5175baf elementor-widget elementor-widget-heading\" data-id=\"5175baf\" data-element_type=\"widget\" data-widget_type=\"heading.default\">\n\t\t\t\t<div class=\"elementor-widget-container\">\n\t\t\t<h3 class=\"elementor-heading-title elementor-size-default\">NOSSA IDENTIDADE\n<\/h3>\t\t<\/div>\n\t\t\t\t<\/div>\n\t\t\t\t<div class=\"elementor-element elementor-element-df707aa elementor-widget elementor-widget-text-editor\" data-id=\"df707aa\" data-element_type=\"widget\" data-widget_type=\"text-editor.default\">\n\t\t\t\t<div class=\"elementor-widget-container\">\n\t\t\t\t\t\t\t<p>O CANDIDO COSTA &amp; CANCIO ADVOGADOS \u00e9 um escrit\u00f3rio boutique formado por profissionais com consolidada experi\u00eancia nas \u00e1reas de Societ\u00e1rio, Contratos, Internacional, C\u00edvel Empresarial, Arbitragem, Constru\u00e7\u00e3o, Fam\u00edlia e Sucess\u00e3o, aptos para exercer uma advocacia com elevado grau de especializa\u00e7\u00e3o, como foco no interesse do cliente e nos resultados.<\/p><p>O escrit\u00f3rio preza pelo atendimento personalizado ao cliente, de forma a identificar e resolver suas reais necessidades.<\/p>\t\t\t\t\t\t<\/div>\n\t\t\t\t<\/div>\n\t\t\t\t\t<\/div>\n\t\t<\/div>\n\t\t\t\t<div class=\"elementor-column elementor-col-50 elementor-top-column elementor-element elementor-element-ff73661\" data-id=\"ff73661\" data-element_type=\"column\" data-settings=\"{&quot;background_background&quot;:&quot;classic&quot;}\">\n\t\t\t<div class=\"elementor-widget-wrap elementor-element-populated\">\n\t\t\t\t\t\t\t\t<div class=\"elementor-element elementor-element-06dd176 elementor-widget elementor-widget-spacer\" data-id=\"06dd176\" data-element_type=\"widget\" data-widget_type=\"spacer.default\">\n\t\t\t\t<div class=\"elementor-widget-container\">\n\t\t\t\t\t<div class=\"elementor-spacer\">\n\t\t\t<div class=\"elementor-spacer-inner\"><\/div>\n\t\t<\/div>\n\t\t\t\t<\/div>\n\t\t\t\t<\/div>\n\t\t\t\t<div class=\"elementor-element elementor-element-167a344 elementor-widget elementor-widget-heading\" data-id=\"167a344\" data-element_type=\"widget\" data-widget_type=\"heading.default\">\n\t\t\t\t<div class=\"elementor-widget-container\">\n\t\t\t<h3 class=\"elementor-heading-title elementor-size-default\">VALORES<\/h3>\t\t<\/div>\n\t\t\t\t<\/div>\n\t\t\t\t<div class=\"elementor-element elementor-element-c95c544 elementor-widget elementor-widget-text-editor\" data-id=\"c95c544\" data-element_type=\"widget\" data-widget_type=\"text-editor.default\">\n\t\t\t\t<div class=\"elementor-widget-container\">\n\t\t\t\t\t\t\t<p>Compet\u00eancia &#8211; Efici\u00eancia &#8211;\u00a0 Confidencialidade &#8211; Honestidade<\/p>\t\t\t\t\t\t<\/div>\n\t\t\t\t<\/div>\n\t\t\t\t<div class=\"elementor-element elementor-element-42530fe elementor-widget elementor-widget-spacer\" data-id=\"42530fe\" data-element_type=\"widget\" data-widget_type=\"spacer.default\">\n\t\t\t\t<div class=\"elementor-widget-container\">\n\t\t\t\t\t<div class=\"elementor-spacer\">\n\t\t\t<div class=\"elementor-spacer-inner\"><\/div>\n\t\t<\/div>\n\t\t\t\t<\/div>\n\t\t\t\t<\/div>\n\t\t\t\t<div class=\"elementor-element elementor-element-3a27949 elementor-widget elementor-widget-heading\" data-id=\"3a27949\" data-element_type=\"widget\" data-widget_type=\"heading.default\">\n\t\t\t\t<div class=\"elementor-widget-container\">\n\t\t\t<h3 class=\"elementor-heading-title elementor-size-default\">MISS\u00c3O<\/h3>\t\t<\/div>\n\t\t\t\t<\/div>\n\t\t\t\t<div class=\"elementor-element elementor-element-cea356a elementor-widget elementor-widget-text-editor\" data-id=\"cea356a\" data-element_type=\"widget\" data-widget_type=\"text-editor.default\">\n\t\t\t\t<div class=\"elementor-widget-container\">\n\t\t\t\t\t\t\t<p>Nossa miss\u00e3o \u00e9 construir, de forma estrat\u00e9gica, solu\u00e7\u00f5es eficientes para problemas complexos de forma personalizada, segura, \u00e1gil e comprometida com o resultado.<\/p>\t\t\t\t\t\t<\/div>\n\t\t\t\t<\/div>\n\t\t\t\t\t<\/div>\n\t\t<\/div>\n\t\t\t\t\t\t\t<\/div>\n\t\t<\/section>\n\t\t\t\t\t\t<\/div>\n\t\t\t\t\t<\/div>\n\t\t","protected":false},"excerpt":{"rendered":"<p>COMO TRABALHAMOS \u00c9tica e foco nos interesses do cliente, visando o melhor resultado. NOSSA IDENTIDADE O CANDIDO COSTA &amp; CANCIO ADVOGADOS \u00e9 um escrit\u00f3rio boutique formado por profissionais com consolidada experi\u00eancia nas \u00e1reas de Societ\u00e1rio, Contratos, Internacional, C\u00edvel Empresarial, Arbitragem, Constru\u00e7\u00e3o, Fam\u00edlia e Sucess\u00e3o, aptos para exercer uma advocacia com elevado grau de especializa\u00e7\u00e3o, como [&hellip;]<\/p>\n","protected":false},"author":2,"featured_media":0,"parent":0,"menu_order":0,"comment_status":"closed","ping_status":"closed","template":"","meta":{"_joinchat":[],"footnotes":""},"yoast_head":"<!-- This site is optimized with the Yoast SEO plugin v19.5.1 - https:\/\/yoast.com\/wordpress\/plugins\/seo\/ -->\n<title>O Escrit\u00f3rio - CANDIDO COSTA &amp; CANCIO ADVOGADOS ASSOCIADOS<\/title>\n<meta name=\"robots\" content=\"index, follow, max-snippet:-1, max-image-preview:large, max-video-preview:-1\" \/>\n<link rel=\"canonical\" href=\"https:\/\/cccadv.com.br\/site\/o-escritorio\/\" \/>\n<meta property=\"og:locale\" content=\"pt_BR\" \/>\n<meta property=\"og:type\" content=\"article\" \/>\n<meta property=\"og:title\" content=\"O Escrit\u00f3rio - CANDIDO COSTA &amp; CANCIO ADVOGADOS ASSOCIADOS\" \/>\n<meta property=\"og:description\" content=\"COMO TRABALHAMOS \u00c9tica e foco nos interesses do cliente, visando o melhor resultado. NOSSA IDENTIDADE O CANDIDO COSTA &amp; CANCIO ADVOGADOS \u00e9 um escrit\u00f3rio boutique formado por profissionais com consolidada experi\u00eancia nas \u00e1reas de Societ\u00e1rio, Contratos, Internacional, C\u00edvel Empresarial, Arbitragem, Constru\u00e7\u00e3o, Fam\u00edlia e Sucess\u00e3o, aptos para exercer uma advocacia com elevado grau de especializa\u00e7\u00e3o, como [&hellip;]\" \/>\n<meta property=\"og:url\" content=\"https:\/\/cccadv.com.br\/site\/o-escritorio\/\" \/>\n<meta property=\"og:site_name\" content=\"CANDIDO COSTA &amp; CANCIO ADVOGADOS ASSOCIADOS\" \/>\n<meta property=\"article:modified_time\" content=\"2022-08-30T16:48:38+00:00\" \/>\n<meta name=\"twitter:card\" content=\"summary_large_image\" \/>\n<meta name=\"twitter:label1\" content=\"Est. tempo de leitura\" \/>\n\t<meta name=\"twitter:data1\" content=\"1 minuto\" \/>\n<script type=\"application\/ld+json\" class=\"yoast-schema-graph\">{\"@context\":\"https:\/\/schema.org\",\"@graph\":[{\"@type\":\"WebPage\",\"@id\":\"https:\/\/cccadv.com.br\/site\/o-escritorio\/\",\"url\":\"https:\/\/cccadv.com.br\/site\/o-escritorio\/\",\"name\":\"O Escrit\u00f3rio - CANDIDO COSTA &amp; CANCIO ADVOGADOS ASSOCIADOS\",\"isPartOf\":{\"@id\":\"https:\/\/cccadv.com.br\/site\/#website\"},\"datePublished\":\"2021-06-21T12:19:41+00:00\",\"dateModified\":\"2022-08-30T16:48:38+00:00\",\"breadcrumb\":{\"@id\":\"https:\/\/cccadv.com.br\/site\/o-escritorio\/#breadcrumb\"},\"inLanguage\":\"pt-BR\",\"potentialAction\":[{\"@type\":\"ReadAction\",\"target\":[\"https:\/\/cccadv.com.br\/site\/o-escritorio\/\"]}]},{\"@type\":\"BreadcrumbList\",\"@id\":\"https:\/\/cccadv.com.br\/site\/o-escritorio\/#breadcrumb\",\"itemListElement\":[{\"@type\":\"ListItem\",\"position\":1,\"name\":\"In\u00edcio\",\"item\":\"https:\/\/cccadv.com.br\/site\/\"},{\"@type\":\"ListItem\",\"position\":2,\"name\":\"O Escrit\u00f3rio\"}]},{\"@type\":\"WebSite\",\"@id\":\"https:\/\/cccadv.com.br\/site\/#website\",\"url\":\"https:\/\/cccadv.com.br\/site\/\",\"name\":\"CANDIDO COSTA &amp; CANCIO ADVOGADOS ASSOCIADOS\",\"description\":\"CANDIDO COSTA &amp; CANCIO ADVOGADOS ASSOCIADOS\",\"potentialAction\":[{\"@type\":\"SearchAction\",\"target\":{\"@type\":\"EntryPoint\",\"urlTemplate\":\"https:\/\/cccadv.com.br\/site\/?s={search_term_string}\"},\"query-input\":\"required name=search_term_string\"}],\"inLanguage\":\"pt-BR\"}]}<\/script>\n<!-- \/ Yoast SEO plugin. -->","yoast_head_json":{"title":"O Escrit\u00f3rio - CANDIDO COSTA &amp; CANCIO ADVOGADOS ASSOCIADOS","robots":{"index":"index","follow":"follow","max-snippet":"max-snippet:-1","max-image-preview":"max-image-preview:large","max-video-preview":"max-video-preview:-1"},"canonical":"https:\/\/cccadv.com.br\/site\/o-escritorio\/","og_locale":"pt_BR","og_type":"article","og_title":"O Escrit\u00f3rio - CANDIDO COSTA &amp; CANCIO ADVOGADOS ASSOCIADOS","og_description":"COMO TRABALHAMOS \u00c9tica e foco nos interesses do cliente, visando o melhor resultado. NOSSA IDENTIDADE O CANDIDO COSTA &amp; CANCIO ADVOGADOS \u00e9 um escrit\u00f3rio boutique formado por profissionais com consolidada experi\u00eancia nas \u00e1reas de Societ\u00e1rio, Contratos, Internacional, C\u00edvel Empresarial, Arbitragem, Constru\u00e7\u00e3o, Fam\u00edlia e Sucess\u00e3o, aptos para exercer uma advocacia com elevado grau de especializa\u00e7\u00e3o, como [&hellip;]","og_url":"https:\/\/cccadv.com.br\/site\/o-escritorio\/","og_site_name":"CANDIDO COSTA &amp; CANCIO ADVOGADOS ASSOCIADOS","article_modified_time":"2022-08-30T16:48:38+00:00","twitter_card":"summary_large_image","twitter_misc":{"Est. tempo de leitura":"1 minuto"},"schema":{"@context":"https:\/\/schema.org","@graph":[{"@type":"WebPage","@id":"https:\/\/cccadv.com.br\/site\/o-escritorio\/","url":"https:\/\/cccadv.com.br\/site\/o-escritorio\/","name":"O Escrit\u00f3rio - CANDIDO COSTA &amp; CANCIO ADVOGADOS ASSOCIADOS","isPartOf":{"@id":"https:\/\/cccadv.com.br\/site\/#website"},"datePublished":"2021-06-21T12:19:41+00:00","dateModified":"2022-08-30T16:48:38+00:00","breadcrumb":{"@id":"https:\/\/cccadv.com.br\/site\/o-escritorio\/#breadcrumb"},"inLanguage":"pt-BR","potentialAction":[{"@type":"ReadAction","target":["https:\/\/cccadv.com.br\/site\/o-escritorio\/"]}]},{"@type":"BreadcrumbList","@id":"https:\/\/cccadv.com.br\/site\/o-escritorio\/#breadcrumb","itemListElement":[{"@type":"ListItem","position":1,"name":"In\u00edcio","item":"https:\/\/cccadv.com.br\/site\/"},{"@type":"ListItem","position":2,"name":"O Escrit\u00f3rio"}]},{"@type":"WebSite","@id":"https:\/\/cccadv.com.br\/site\/#website","url":"https:\/\/cccadv.com.br\/site\/","name":"CANDIDO COSTA &amp; CANCIO ADVOGADOS ASSOCIADOS","description":"CANDIDO COSTA &amp; CANCIO ADVOGADOS ASSOCIADOS","potentialAction":[{"@type":"SearchAction","target":{"@type":"EntryPoint","urlTemplate":"https:\/\/cccadv.com.br\/site\/?s={search_term_string}"},"query-input":"required name=search_term_string"}],"inLanguage":"pt-BR"}]}},"_links":{"self":[{"href":"https:\/\/cccadv.com.br\/site\/wp-json\/wp\/v2\/pages\/9"}],"collection":[{"href":"https:\/\/cccadv.com.br\/site\/wp-json\/wp\/v2\/pages"}],"about":[{"href":"https:\/\/cccadv.com.br\/site\/wp-json\/wp\/v2\/types\/page"}],"author":[{"embeddable":true,"href":"https:\/\/cccadv.com.br\/site\/wp-json\/wp\/v2\/users\/2"}],"replies":[{"embeddable":true,"href":"https:\/\/cccadv.com.br\/site\/wp-json\/wp\/v2\/comments?post=9"}],"version-history":[{"count":10,"href":"https:\/\/cccadv.com.br\/site\/wp-json\/wp\/v2\/pages\/9\/revisions"}],"predecessor-version":[{"id":1816,"href":"https:\/\/cccadv.com.br\/site\/wp-json\/wp\/v2\/pages\/9\/revisions\/1816"}],"wp:attachment":[{"href":"https:\/\/cccadv.com.br\/site\/wp-json\/wp\/v2\/media?parent=9"}],"curies":[{"name":"wp","href":"https:\/\/api.w.org\/{rel}","templated":true}]}}