{"id":11,"date":"2021-06-21T09:19:55","date_gmt":"2021-06-21T12:19:55","guid":{"rendered":"http:\/\/cccadv.com.br\/site\/?page_id=11"},"modified":"2022-08-18T16:08:49","modified_gmt":"2022-08-18T19:08:49","slug":"areas-de-atuacao","status":"publish","type":"page","link":"https:\/\/cccadv.com.br\/site\/areas-de-atuacao\/","title":{"rendered":"\u00c1reas de Atua\u00e7\u00e3o"},"content":{"rendered":"\t\t<div data-elementor-type=\"wp-page\" data-elementor-id=\"11\" class=\"elementor elementor-11\" data-elementor-settings=\"[]\">\n\t\t\t\t\t\t\t<div class=\"elementor-section-wrap\">\n\t\t\t\t\t\t\t<section class=\"elementor-section elementor-top-section elementor-element elementor-element-8ce596d elementor-section-boxed elementor-section-height-default elementor-section-height-default\" data-id=\"8ce596d\" data-element_type=\"section\" data-settings=\"{&quot;background_background&quot;:&quot;classic&quot;}\">\n\t\t\t\t\t\t\t<div class=\"elementor-background-overlay\"><\/div>\n\t\t\t\t\t\t\t<div class=\"elementor-container elementor-column-gap-default\">\n\t\t\t\t\t<div class=\"elementor-column elementor-col-100 elementor-top-column elementor-element elementor-element-03097dc\" data-id=\"03097dc\" data-element_type=\"column\">\n\t\t\t<div class=\"elementor-widget-wrap elementor-element-populated\">\n\t\t\t\t\t\t\t\t<div class=\"elementor-element elementor-element-3c673d6 elementor-widget elementor-widget-heading\" data-id=\"3c673d6\" data-element_type=\"widget\" data-widget_type=\"heading.default\">\n\t\t\t\t<div class=\"elementor-widget-container\">\n\t\t\t<h2 class=\"elementor-heading-title elementor-size-default\">O QUE FAZEMOS<\/h2>\t\t<\/div>\n\t\t\t\t<\/div>\n\t\t\t\t<div class=\"elementor-element elementor-element-cb94b1e elementor-widget elementor-widget-text-editor\" data-id=\"cb94b1e\" data-element_type=\"widget\" data-widget_type=\"text-editor.default\">\n\t\t\t\t<div class=\"elementor-widget-container\">\n\t\t\t\t\t\t\t<p>Consolidada experi\u00eancia no Societ\u00e1rio, Contratual, Internacional e C\u00edvel Empresarial<\/p>\t\t\t\t\t\t<\/div>\n\t\t\t\t<\/div>\n\t\t\t\t\t<\/div>\n\t\t<\/div>\n\t\t\t\t\t\t\t<\/div>\n\t\t<\/section>\n\t\t\t\t<section class=\"elementor-section elementor-top-section elementor-element elementor-element-c5c1559 elementor-section-boxed elementor-section-height-default elementor-section-height-default\" data-id=\"c5c1559\" data-element_type=\"section\">\n\t\t\t\t\t\t<div class=\"elementor-container elementor-column-gap-default\">\n\t\t\t\t\t<div class=\"elementor-column elementor-col-100 elementor-top-column elementor-element elementor-element-aee8b86\" data-id=\"aee8b86\" data-element_type=\"column\">\n\t\t\t<div class=\"elementor-widget-wrap elementor-element-populated\">\n\t\t\t\t\t\t\t\t<div class=\"elementor-element elementor-element-bb9a1da elementor-widget elementor-widget-heading\" data-id=\"bb9a1da\" data-element_type=\"widget\" data-widget_type=\"heading.default\">\n\t\t\t\t<div class=\"elementor-widget-container\">\n\t\t\t<h2 class=\"elementor-heading-title elementor-size-default\">\u00c1REAS DE ATUA\u00c7\u00c3O<\/h2>\t\t<\/div>\n\t\t\t\t<\/div>\n\t\t\t\t<div class=\"elementor-element elementor-element-4789a0a elementor-widget-divider--view-line elementor-widget elementor-widget-divider\" data-id=\"4789a0a\" data-element_type=\"widget\" data-widget_type=\"divider.default\">\n\t\t\t\t<div class=\"elementor-widget-container\">\n\t\t\t\t\t<div class=\"elementor-divider\">\n\t\t\t<span class=\"elementor-divider-separator\">\n\t\t\t\t\t\t<\/span>\n\t\t<\/div>\n\t\t\t\t<\/div>\n\t\t\t\t<\/div>\n\t\t\t\t\t<\/div>\n\t\t<\/div>\n\t\t\t\t\t\t\t<\/div>\n\t\t<\/section>\n\t\t\t\t<section class=\"elementor-section elementor-top-section elementor-element elementor-element-973b5c5 elementor-section-height-min-height elementor-section-items-stretch elementor-section-boxed elementor-section-height-default\" data-id=\"973b5c5\" data-element_type=\"section\">\n\t\t\t\t\t\t<div class=\"elementor-container elementor-column-gap-custom\">\n\t\t\t\t\t<div class=\"elementor-column elementor-col-25 elementor-top-column elementor-element elementor-element-46d29f37\" data-id=\"46d29f37\" data-element_type=\"column\" data-settings=\"{&quot;background_background&quot;:&quot;classic&quot;}\">\n\t\t\t<div class=\"elementor-widget-wrap elementor-element-populated\">\n\t\t\t\t\t\t\t\t<div class=\"elementor-element elementor-element-493dadb elementor-position-top elementor-vertical-align-top elementor-widget elementor-widget-image-box\" data-id=\"493dadb\" data-element_type=\"widget\" data-widget_type=\"image-box.default\">\n\t\t\t\t<div class=\"elementor-widget-container\">\n\t\t\t<div class=\"elementor-image-box-wrapper\"><figure class=\"elementor-image-box-img\"><a href=\"#elementor-action%3Aaction%3Dpopup%3Aopen%26settings%3DeyJpZCI6Ijk1MiIsInRvZ2dsZSI6ZmFsc2V9\"><img loading=\"lazy\" decoding=\"async\" width=\"596\" height=\"750\" src=\"https:\/\/cccadv.com.br\/site\/wp-content\/uploads\/2022\/08\/atuacao-contratos-webp.webp\" class=\"elementor-animation-shrink attachment-medium_large size-medium_large\" alt=\"\" \/><\/a><\/figure><div class=\"elementor-image-box-content\"><h3 class=\"elementor-image-box-title\"><a href=\"#elementor-action%3Aaction%3Dpopup%3Aopen%26settings%3DeyJpZCI6Ijk1MiIsInRvZ2dsZSI6ZmFsc2V9\">CONTRATOS<\/a><\/h3><\/div><\/div>\t\t<\/div>\n\t\t\t\t<\/div>\n\t\t\t\t\t<\/div>\n\t\t<\/div>\n\t\t\t\t<div class=\"elementor-column elementor-col-25 elementor-top-column elementor-element elementor-element-7155668\" data-id=\"7155668\" data-element_type=\"column\" data-settings=\"{&quot;background_background&quot;:&quot;classic&quot;}\">\n\t\t\t<div class=\"elementor-widget-wrap elementor-element-populated\">\n\t\t\t\t\t\t\t\t<div class=\"elementor-element elementor-element-942a16c elementor-position-top elementor-vertical-align-top elementor-widget elementor-widget-image-box\" data-id=\"942a16c\" data-element_type=\"widget\" data-widget_type=\"image-box.default\">\n\t\t\t\t<div class=\"elementor-widget-container\">\n\t\t\t<div class=\"elementor-image-box-wrapper\"><figure class=\"elementor-image-box-img\"><a href=\"#elementor-action%3Aaction%3Dpopup%3Aopen%26settings%3DeyJpZCI6Ijk1NiIsInRvZ2dsZSI6ZmFsc2V9\"><img loading=\"lazy\" decoding=\"async\" width=\"238\" height=\"300\" src=\"https:\/\/cccadv.com.br\/site\/wp-content\/uploads\/2022\/08\/atuacao-contrucao-e-infraestrutura-webp.webp\" class=\"elementor-animation-shrink attachment-medium_large size-medium_large\" alt=\"\" \/><\/a><\/figure><div class=\"elementor-image-box-content\"><h3 class=\"elementor-image-box-title\"><a href=\"#elementor-action%3Aaction%3Dpopup%3Aopen%26settings%3DeyJpZCI6Ijk1NiIsInRvZ2dsZSI6ZmFsc2V9\">CONSTRU\u00c7\u00c3O E INFRAESTRUTURA<\/a><\/h3><\/div><\/div>\t\t<\/div>\n\t\t\t\t<\/div>\n\t\t\t\t\t<\/div>\n\t\t<\/div>\n\t\t\t\t<div class=\"elementor-column elementor-col-25 elementor-top-column elementor-element elementor-element-82a98e4\" data-id=\"82a98e4\" data-element_type=\"column\" data-settings=\"{&quot;background_background&quot;:&quot;classic&quot;}\">\n\t\t\t<div class=\"elementor-widget-wrap elementor-element-populated\">\n\t\t\t\t\t\t\t\t<div class=\"elementor-element elementor-element-46fa962 elementor-position-top elementor-vertical-align-top elementor-widget elementor-widget-image-box\" data-id=\"46fa962\" data-element_type=\"widget\" data-widget_type=\"image-box.default\">\n\t\t\t\t<div class=\"elementor-widget-container\">\n\t\t\t<div class=\"elementor-image-box-wrapper\"><figure class=\"elementor-image-box-img\"><a href=\"#elementor-action%3Aaction%3Dpopup%3Aopen%26settings%3DeyJpZCI6IjEwMTEiLCJ0b2dnbGUiOmZhbHNlfQ%3D%3D\"><img loading=\"lazy\" decoding=\"async\" width=\"596\" height=\"750\" src=\"https:\/\/cccadv.com.br\/site\/wp-content\/uploads\/2022\/08\/atuacao-direito-civel-empresarial-webp.webp\" class=\"elementor-animation-shrink attachment-medium_large size-medium_large\" alt=\"\" \/><\/a><\/figure><div class=\"elementor-image-box-content\"><h3 class=\"elementor-image-box-title\"><a href=\"#elementor-action%3Aaction%3Dpopup%3Aopen%26settings%3DeyJpZCI6IjEwMTEiLCJ0b2dnbGUiOmZhbHNlfQ%3D%3D\">DIREITO C\u00cdVEL EMPRESARIAL<\/a><\/h3><\/div><\/div>\t\t<\/div>\n\t\t\t\t<\/div>\n\t\t\t\t\t<\/div>\n\t\t<\/div>\n\t\t\t\t<div class=\"elementor-column elementor-col-25 elementor-top-column elementor-element elementor-element-ee0442d\" data-id=\"ee0442d\" data-element_type=\"column\" data-settings=\"{&quot;background_background&quot;:&quot;classic&quot;}\">\n\t\t\t<div class=\"elementor-widget-wrap elementor-element-populated\">\n\t\t\t\t\t\t\t\t<div class=\"elementor-element elementor-element-542c5ff elementor-position-top elementor-vertical-align-top elementor-widget elementor-widget-image-box\" data-id=\"542c5ff\" data-element_type=\"widget\" data-widget_type=\"image-box.default\">\n\t\t\t\t<div class=\"elementor-widget-container\">\n\t\t\t<div class=\"elementor-image-box-wrapper\"><figure class=\"elementor-image-box-img\"><a href=\"#elementor-action%3Aaction%3Dpopup%3Aopen%26settings%3DeyJpZCI6IjEwMjQiLCJ0b2dnbGUiOmZhbHNlfQ%3D%3D\"><img loading=\"lazy\" decoding=\"async\" width=\"238\" height=\"300\" src=\"https:\/\/cccadv.com.br\/site\/wp-content\/uploads\/2022\/08\/atuacao-arbitragem-webp.webp\" class=\"elementor-animation-shrink attachment-medium_large size-medium_large\" alt=\"\" \/><\/a><\/figure><div class=\"elementor-image-box-content\"><h3 class=\"elementor-image-box-title\"><a href=\"#elementor-action%3Aaction%3Dpopup%3Aopen%26settings%3DeyJpZCI6IjEwMjQiLCJ0b2dnbGUiOmZhbHNlfQ%3D%3D\">ARBITRAGEM<\/a><\/h3><\/div><\/div>\t\t<\/div>\n\t\t\t\t<\/div>\n\t\t\t\t\t<\/div>\n\t\t<\/div>\n\t\t\t\t\t\t\t<\/div>\n\t\t<\/section>\n\t\t\t\t<section class=\"elementor-section elementor-top-section elementor-element elementor-element-8fe5ff4 elementor-section-height-min-height elementor-section-items-stretch elementor-section-boxed elementor-section-height-default\" data-id=\"8fe5ff4\" data-element_type=\"section\">\n\t\t\t\t\t\t<div class=\"elementor-container elementor-column-gap-custom\">\n\t\t\t\t\t<div class=\"elementor-column elementor-col-25 elementor-top-column elementor-element elementor-element-286d0ab\" data-id=\"286d0ab\" data-element_type=\"column\" data-settings=\"{&quot;background_background&quot;:&quot;classic&quot;}\">\n\t\t\t<div class=\"elementor-widget-wrap elementor-element-populated\">\n\t\t\t\t\t\t\t\t<div class=\"elementor-element elementor-element-f899e7b elementor-position-top elementor-vertical-align-top elementor-widget elementor-widget-image-box\" data-id=\"f899e7b\" data-element_type=\"widget\" data-widget_type=\"image-box.default\">\n\t\t\t\t<div class=\"elementor-widget-container\">\n\t\t\t<div class=\"elementor-image-box-wrapper\"><figure class=\"elementor-image-box-img\"><a href=\"#elementor-action%3Aaction%3Dpopup%3Aopen%26settings%3DeyJpZCI6IjEwMzEiLCJ0b2dnbGUiOmZhbHNlfQ%3D%3D\"><img loading=\"lazy\" decoding=\"async\" width=\"238\" height=\"300\" src=\"https:\/\/cccadv.com.br\/site\/wp-content\/uploads\/2022\/08\/atuacao-societario-webp.webp\" class=\"elementor-animation-shrink attachment-medium_large size-medium_large\" alt=\"\" \/><\/a><\/figure><div class=\"elementor-image-box-content\"><h3 class=\"elementor-image-box-title\"><a href=\"#elementor-action%3Aaction%3Dpopup%3Aopen%26settings%3DeyJpZCI6IjEwMzEiLCJ0b2dnbGUiOmZhbHNlfQ%3D%3D\">SOCIET\u00c1RIO<\/a><\/h3><\/div><\/div>\t\t<\/div>\n\t\t\t\t<\/div>\n\t\t\t\t\t<\/div>\n\t\t<\/div>\n\t\t\t\t<div class=\"elementor-column elementor-col-25 elementor-top-column elementor-element elementor-element-7653f62\" data-id=\"7653f62\" data-element_type=\"column\" data-settings=\"{&quot;background_background&quot;:&quot;classic&quot;}\">\n\t\t\t<div class=\"elementor-widget-wrap elementor-element-populated\">\n\t\t\t\t\t\t\t\t<div class=\"elementor-element elementor-element-f5f2697 elementor-position-top elementor-vertical-align-top elementor-widget elementor-widget-image-box\" data-id=\"f5f2697\" data-element_type=\"widget\" data-widget_type=\"image-box.default\">\n\t\t\t\t<div class=\"elementor-widget-container\">\n\t\t\t<div class=\"elementor-image-box-wrapper\"><figure class=\"elementor-image-box-img\"><a href=\"#elementor-action%3Aaction%3Dpopup%3Aopen%26settings%3DeyJpZCI6IjEwMzgiLCJ0b2dnbGUiOmZhbHNlfQ%3D%3D\"><img loading=\"lazy\" decoding=\"async\" width=\"596\" height=\"750\" src=\"https:\/\/cccadv.com.br\/site\/wp-content\/uploads\/2022\/08\/AnyConv.com__atuacao-internacional-webp.webp\" class=\"elementor-animation-shrink attachment-medium_large size-medium_large\" alt=\"\" \/><\/a><\/figure><div class=\"elementor-image-box-content\"><h3 class=\"elementor-image-box-title\"><a href=\"#elementor-action%3Aaction%3Dpopup%3Aopen%26settings%3DeyJpZCI6IjEwMzgiLCJ0b2dnbGUiOmZhbHNlfQ%3D%3D\">INTERNACIONAL<\/a><\/h3><\/div><\/div>\t\t<\/div>\n\t\t\t\t<\/div>\n\t\t\t\t\t<\/div>\n\t\t<\/div>\n\t\t\t\t<div class=\"elementor-column elementor-col-25 elementor-top-column elementor-element elementor-element-f75c7e0\" data-id=\"f75c7e0\" data-element_type=\"column\" data-settings=\"{&quot;background_background&quot;:&quot;classic&quot;}\">\n\t\t\t<div class=\"elementor-widget-wrap elementor-element-populated\">\n\t\t\t\t\t\t\t\t<div class=\"elementor-element elementor-element-7d0ef7d elementor-position-top elementor-vertical-align-top elementor-widget elementor-widget-image-box\" data-id=\"7d0ef7d\" data-element_type=\"widget\" data-widget_type=\"image-box.default\">\n\t\t\t\t<div class=\"elementor-widget-container\">\n\t\t\t<div class=\"elementor-image-box-wrapper\"><figure class=\"elementor-image-box-img\"><a href=\"#elementor-action%3Aaction%3Dpopup%3Aopen%26settings%3DeyJpZCI6IjEwNDUiLCJ0b2dnbGUiOmZhbHNlfQ%3D%3D\"><img loading=\"lazy\" decoding=\"async\" width=\"238\" height=\"300\" src=\"https:\/\/cccadv.com.br\/site\/wp-content\/uploads\/2022\/08\/atuacao-compliance-webp.webp\" class=\"elementor-animation-shrink attachment-medium_large size-medium_large\" alt=\"\" \/><\/a><\/figure><div class=\"elementor-image-box-content\"><h3 class=\"elementor-image-box-title\"><a href=\"#elementor-action%3Aaction%3Dpopup%3Aopen%26settings%3DeyJpZCI6IjEwNDUiLCJ0b2dnbGUiOmZhbHNlfQ%3D%3D\">COMPLIANCE<\/a><\/h3><\/div><\/div>\t\t<\/div>\n\t\t\t\t<\/div>\n\t\t\t\t\t<\/div>\n\t\t<\/div>\n\t\t\t\t<div class=\"elementor-column elementor-col-25 elementor-top-column elementor-element elementor-element-422b444\" data-id=\"422b444\" data-element_type=\"column\" data-settings=\"{&quot;background_background&quot;:&quot;classic&quot;}\">\n\t\t\t<div class=\"elementor-widget-wrap elementor-element-populated\">\n\t\t\t\t\t\t\t\t<div class=\"elementor-element elementor-element-fbf9234 elementor-position-top elementor-vertical-align-top elementor-widget elementor-widget-image-box\" data-id=\"fbf9234\" data-element_type=\"widget\" data-widget_type=\"image-box.default\">\n\t\t\t\t<div class=\"elementor-widget-container\">\n\t\t\t<div class=\"elementor-image-box-wrapper\"><figure class=\"elementor-image-box-img\"><a href=\"#elementor-action%3Aaction%3Dpopup%3Aopen%26settings%3DeyJpZCI6IjEyMDkiLCJ0b2dnbGUiOmZhbHNlfQ%3D%3D\"><img loading=\"lazy\" decoding=\"async\" width=\"238\" height=\"300\" src=\"https:\/\/cccadv.com.br\/site\/wp-content\/uploads\/2022\/08\/familia-e-sucessoes-1.webp\" class=\"elementor-animation-shrink attachment-medium_large size-medium_large\" alt=\"\" \/><\/a><\/figure><div class=\"elementor-image-box-content\"><h3 class=\"elementor-image-box-title\"><a href=\"#elementor-action%3Aaction%3Dpopup%3Aopen%26settings%3DeyJpZCI6IjEyMDkiLCJ0b2dnbGUiOmZhbHNlfQ%3D%3D\">FAM\u00cdLIA E SUCESS\u00d5ES<\/a><\/h3><\/div><\/div>\t\t<\/div>\n\t\t\t\t<\/div>\n\t\t\t\t\t<\/div>\n\t\t<\/div>\n\t\t\t\t\t\t\t<\/div>\n\t\t<\/section>\n\t\t\t\t\t\t<\/div>\n\t\t\t\t\t<\/div>\n\t\t","protected":false},"excerpt":{"rendered":"<p>O QUE FAZEMOS Consolidada experi\u00eancia no Societ\u00e1rio, Contratual, Internacional e C\u00edvel Empresarial \u00c1REAS DE ATUA\u00c7\u00c3O CONTRATOS CONSTRU\u00c7\u00c3O E INFRAESTRUTURA DIREITO C\u00cdVEL EMPRESARIAL ARBITRAGEM SOCIET\u00c1RIO INTERNACIONAL COMPLIANCE FAM\u00cdLIA E SUCESS\u00d5ES<\/p>\n","protected":false},"author":2,"featured_media":0,"parent":0,"menu_order":0,"comment_status":"closed","ping_status":"closed","template":"","meta":{"_joinchat":[],"footnotes":""},"yoast_head":"<!-- This site is optimized with the Yoast SEO plugin v19.5.1 - https:\/\/yoast.com\/wordpress\/plugins\/seo\/ -->\n<title>\u00c1reas de Atua\u00e7\u00e3o - CANDIDO COSTA &amp; CANCIO ADVOGADOS ASSOCIADOS<\/title>\n<meta name=\"robots\" content=\"index, follow, max-snippet:-1, max-image-preview:large, max-video-preview:-1\" \/>\n<link rel=\"canonical\" href=\"https:\/\/cccadv.com.br\/site\/areas-de-atuacao\/\" \/>\n<meta property=\"og:locale\" content=\"pt_BR\" \/>\n<meta property=\"og:type\" content=\"article\" \/>\n<meta property=\"og:title\" content=\"\u00c1reas de Atua\u00e7\u00e3o - CANDIDO COSTA &amp; CANCIO ADVOGADOS ASSOCIADOS\" \/>\n<meta property=\"og:description\" content=\"O QUE FAZEMOS Consolidada experi\u00eancia no Societ\u00e1rio, Contratual, Internacional e C\u00edvel Empresarial \u00c1REAS DE ATUA\u00c7\u00c3O CONTRATOS CONSTRU\u00c7\u00c3O E INFRAESTRUTURA DIREITO C\u00cdVEL EMPRESARIAL ARBITRAGEM SOCIET\u00c1RIO INTERNACIONAL COMPLIANCE FAM\u00cdLIA E SUCESS\u00d5ES\" \/>\n<meta property=\"og:url\" content=\"https:\/\/cccadv.com.br\/site\/areas-de-atuacao\/\" \/>\n<meta property=\"og:site_name\" content=\"CANDIDO COSTA &amp; CANCIO ADVOGADOS ASSOCIADOS\" \/>\n<meta property=\"article:modified_time\" content=\"2022-08-18T19:08:49+00:00\" \/>\n<meta property=\"og:image\" content=\"http:\/\/cccadv.com.br\/site\/wp-content\/uploads\/2022\/08\/atuacao-contratos-webp.webp\" \/>\n<meta name=\"twitter:card\" content=\"summary_large_image\" \/>\n<meta name=\"twitter:label1\" content=\"Est. tempo de leitura\" \/>\n\t<meta name=\"twitter:data1\" content=\"2 minutos\" \/>\n<script type=\"application\/ld+json\" class=\"yoast-schema-graph\">{\"@context\":\"https:\/\/schema.org\",\"@graph\":[{\"@type\":\"WebPage\",\"@id\":\"https:\/\/cccadv.com.br\/site\/areas-de-atuacao\/\",\"url\":\"https:\/\/cccadv.com.br\/site\/areas-de-atuacao\/\",\"name\":\"\u00c1reas de Atua\u00e7\u00e3o - CANDIDO COSTA &amp; CANCIO ADVOGADOS ASSOCIADOS\",\"isPartOf\":{\"@id\":\"https:\/\/cccadv.com.br\/site\/#website\"},\"datePublished\":\"2021-06-21T12:19:55+00:00\",\"dateModified\":\"2022-08-18T19:08:49+00:00\",\"breadcrumb\":{\"@id\":\"https:\/\/cccadv.com.br\/site\/areas-de-atuacao\/#breadcrumb\"},\"inLanguage\":\"pt-BR\",\"potentialAction\":[{\"@type\":\"ReadAction\",\"target\":[\"https:\/\/cccadv.com.br\/site\/areas-de-atuacao\/\"]}]},{\"@type\":\"BreadcrumbList\",\"@id\":\"https:\/\/cccadv.com.br\/site\/areas-de-atuacao\/#breadcrumb\",\"itemListElement\":[{\"@type\":\"ListItem\",\"position\":1,\"name\":\"In\u00edcio\",\"item\":\"http:\/\/cccadv.com.br\/site\/\"},{\"@type\":\"ListItem\",\"position\":2,\"name\":\"\u00c1reas de Atua\u00e7\u00e3o\"}]},{\"@type\":\"WebSite\",\"@id\":\"https:\/\/cccadv.com.br\/site\/#website\",\"url\":\"https:\/\/cccadv.com.br\/site\/\",\"name\":\"CANDIDO COSTA &amp; CANCIO ADVOGADOS ASSOCIADOS\",\"description\":\"CANDIDO COSTA &amp; CANCIO ADVOGADOS ASSOCIADOS\",\"potentialAction\":[{\"@type\":\"SearchAction\",\"target\":{\"@type\":\"EntryPoint\",\"urlTemplate\":\"https:\/\/cccadv.com.br\/site\/?s={search_term_string}\"},\"query-input\":\"required name=search_term_string\"}],\"inLanguage\":\"pt-BR\"}]}<\/script>\n<!-- \/ Yoast SEO plugin. -->","yoast_head_json":{"title":"\u00c1reas de Atua\u00e7\u00e3o - CANDIDO COSTA &amp; CANCIO ADVOGADOS ASSOCIADOS","robots":{"index":"index","follow":"follow","max-snippet":"max-snippet:-1","max-image-preview":"max-image-preview:large","max-video-preview":"max-video-preview:-1"},"canonical":"https:\/\/cccadv.com.br\/site\/areas-de-atuacao\/","og_locale":"pt_BR","og_type":"article","og_title":"\u00c1reas de Atua\u00e7\u00e3o - CANDIDO COSTA &amp; CANCIO ADVOGADOS ASSOCIADOS","og_description":"O QUE FAZEMOS Consolidada experi\u00eancia no Societ\u00e1rio, Contratual, Internacional e C\u00edvel Empresarial \u00c1REAS DE ATUA\u00c7\u00c3O CONTRATOS CONSTRU\u00c7\u00c3O E INFRAESTRUTURA DIREITO C\u00cdVEL EMPRESARIAL ARBITRAGEM SOCIET\u00c1RIO INTERNACIONAL COMPLIANCE FAM\u00cdLIA E SUCESS\u00d5ES","og_url":"https:\/\/cccadv.com.br\/site\/areas-de-atuacao\/","og_site_name":"CANDIDO COSTA &amp; CANCIO ADVOGADOS ASSOCIADOS","article_modified_time":"2022-08-18T19:08:49+00:00","og_image":[{"url":"http:\/\/cccadv.com.br\/site\/wp-content\/uploads\/2022\/08\/atuacao-contratos-webp.webp"}],"twitter_card":"summary_large_image","twitter_misc":{"Est. tempo de leitura":"2 minutos"},"schema":{"@context":"https:\/\/schema.org","@graph":[{"@type":"WebPage","@id":"https:\/\/cccadv.com.br\/site\/areas-de-atuacao\/","url":"https:\/\/cccadv.com.br\/site\/areas-de-atuacao\/","name":"\u00c1reas de Atua\u00e7\u00e3o - CANDIDO COSTA &amp; CANCIO ADVOGADOS ASSOCIADOS","isPartOf":{"@id":"https:\/\/cccadv.com.br\/site\/#website"},"datePublished":"2021-06-21T12:19:55+00:00","dateModified":"2022-08-18T19:08:49+00:00","breadcrumb":{"@id":"https:\/\/cccadv.com.br\/site\/areas-de-atuacao\/#breadcrumb"},"inLanguage":"pt-BR","potentialAction":[{"@type":"ReadAction","target":["https:\/\/cccadv.com.br\/site\/areas-de-atuacao\/"]}]},{"@type":"BreadcrumbList","@id":"https:\/\/cccadv.com.br\/site\/areas-de-atuacao\/#breadcrumb","itemListElement":[{"@type":"ListItem","position":1,"name":"In\u00edcio","item":"http:\/\/cccadv.com.br\/site\/"},{"@type":"ListItem","position":2,"name":"\u00c1reas de Atua\u00e7\u00e3o"}]},{"@type":"WebSite","@id":"https:\/\/cccadv.com.br\/site\/#website","url":"https:\/\/cccadv.com.br\/site\/","name":"CANDIDO COSTA &amp; CANCIO ADVOGADOS ASSOCIADOS","description":"CANDIDO COSTA &amp; CANCIO ADVOGADOS ASSOCIADOS","potentialAction":[{"@type":"SearchAction","target":{"@type":"EntryPoint","urlTemplate":"https:\/\/cccadv.com.br\/site\/?s={search_term_string}"},"query-input":"required name=search_term_string"}],"inLanguage":"pt-BR"}]}},"_links":{"self":[{"href":"https:\/\/cccadv.com.br\/site\/wp-json\/wp\/v2\/pages\/11"}],"collection":[{"href":"https:\/\/cccadv.com.br\/site\/wp-json\/wp\/v2\/pages"}],"about":[{"href":"https:\/\/cccadv.com.br\/site\/wp-json\/wp\/v2\/types\/page"}],"author":[{"embeddable":true,"href":"https:\/\/cccadv.com.br\/site\/wp-json\/wp\/v2\/users\/2"}],"replies":[{"embeddable":true,"href":"https:\/\/cccadv.com.br\/site\/wp-json\/wp\/v2\/comments?post=11"}],"version-history":[{"count":11,"href":"https:\/\/cccadv.com.br\/site\/wp-json\/wp\/v2\/pages\/11\/revisions"}],"predecessor-version":[{"id":1838,"href":"https:\/\/cccadv.com.br\/site\/wp-json\/wp\/v2\/pages\/11\/revisions\/1838"}],"wp:attachment":[{"href":"https:\/\/cccadv.com.br\/site\/wp-json\/wp\/v2\/media?parent=11"}],"curies":[{"name":"wp","href":"https:\/\/api.w.org\/{rel}","templated":true}]}}