{"id":15,"date":"2021-06-21T09:20:21","date_gmt":"2021-06-21T12:20:21","guid":{"rendered":"http:\/\/cccadv.com.br\/site\/?page_id=15"},"modified":"2022-08-26T14:06:48","modified_gmt":"2022-08-26T17:06:48","slug":"contato","status":"publish","type":"page","link":"http:\/\/cccadv.com.br\/site\/contato\/","title":{"rendered":"Contato"},"content":{"rendered":"\t\t<div data-elementor-type=\"wp-page\" data-elementor-id=\"15\" class=\"elementor elementor-15\" data-elementor-settings=\"[]\">\n\t\t\t\t\t\t\t<div class=\"elementor-section-wrap\">\n\t\t\t\t\t\t\t<section class=\"elementor-section elementor-top-section elementor-element elementor-element-49ec1658 elementor-section-full_width elementor-section-height-min-height elementor-section-height-default elementor-section-items-middle\" data-id=\"49ec1658\" data-element_type=\"section\" data-settings=\"{&quot;background_background&quot;:&quot;classic&quot;}\">\n\t\t\t\t\t\t\t<div class=\"elementor-background-overlay\"><\/div>\n\t\t\t\t\t\t\t<div class=\"elementor-container elementor-column-gap-default\">\n\t\t\t\t\t<div class=\"elementor-column elementor-col-100 elementor-top-column elementor-element elementor-element-201dc19c\" data-id=\"201dc19c\" data-element_type=\"column\">\n\t\t\t<div class=\"elementor-widget-wrap elementor-element-populated\">\n\t\t\t\t\t\t\t\t<div class=\"elementor-element elementor-element-0a63eb3 elementor-widget elementor-widget-heading\" data-id=\"0a63eb3\" data-element_type=\"widget\" data-widget_type=\"heading.default\">\n\t\t\t\t<div class=\"elementor-widget-container\">\n\t\t\t<h2 class=\"elementor-heading-title elementor-size-default\">ENTRE EM CONTATO<\/h2>\t\t<\/div>\n\t\t\t\t<\/div>\n\t\t\t\t<div class=\"elementor-element elementor-element-b4e56ff elementor-widget elementor-widget-text-editor\" data-id=\"b4e56ff\" data-element_type=\"widget\" data-widget_type=\"text-editor.default\">\n\t\t\t\t<div class=\"elementor-widget-container\">\n\t\t\t\t\t\t\t<p>Nossa equipe est\u00e1 pronta para atende-lo<\/p>\t\t\t\t\t\t<\/div>\n\t\t\t\t<\/div>\n\t\t\t\t\t<\/div>\n\t\t<\/div>\n\t\t\t\t\t\t\t<\/div>\n\t\t<\/section>\n\t\t\t\t<section class=\"elementor-section elementor-top-section elementor-element elementor-element-7e49cbb elementor-section-boxed elementor-section-height-default elementor-section-height-default\" data-id=\"7e49cbb\" data-element_type=\"section\">\n\t\t\t\t\t\t<div class=\"elementor-container elementor-column-gap-default\">\n\t\t\t\t\t<div class=\"elementor-column elementor-col-100 elementor-top-column elementor-element elementor-element-638360b\" data-id=\"638360b\" data-element_type=\"column\">\n\t\t\t<div class=\"elementor-widget-wrap elementor-element-populated\">\n\t\t\t\t\t\t\t\t<div class=\"elementor-element elementor-element-a7c1057 elementor-widget-divider--view-line elementor-widget elementor-widget-divider\" data-id=\"a7c1057\" data-element_type=\"widget\" data-widget_type=\"divider.default\">\n\t\t\t\t<div class=\"elementor-widget-container\">\n\t\t\t\t\t<div class=\"elementor-divider\">\n\t\t\t<span class=\"elementor-divider-separator\">\n\t\t\t\t\t\t<\/span>\n\t\t<\/div>\n\t\t\t\t<\/div>\n\t\t\t\t<\/div>\n\t\t\t\t\t<\/div>\n\t\t<\/div>\n\t\t\t\t\t\t\t<\/div>\n\t\t<\/section>\n\t\t\t\t<section class=\"elementor-section elementor-top-section elementor-element elementor-element-6030945 elementor-section-boxed elementor-section-height-default elementor-section-height-default\" data-id=\"6030945\" data-element_type=\"section\">\n\t\t\t\t\t\t<div class=\"elementor-container elementor-column-gap-default\">\n\t\t\t\t\t<div class=\"elementor-column elementor-col-25 elementor-top-column elementor-element elementor-element-beaf399\" data-id=\"beaf399\" data-element_type=\"column\">\n\t\t\t<div class=\"elementor-widget-wrap elementor-element-populated\">\n\t\t\t\t\t\t\t\t<div class=\"elementor-element elementor-element-7865fc1 elementor-view-default elementor-widget elementor-widget-icon\" data-id=\"7865fc1\" data-element_type=\"widget\" data-widget_type=\"icon.default\">\n\t\t\t\t<div class=\"elementor-widget-container\">\n\t\t\t\t\t<div class=\"elementor-icon-wrapper\">\n\t\t\t<div class=\"elementor-icon\">\n\t\t\t<i aria-hidden=\"true\" class=\"fas fa-clock\"><\/i>\t\t\t<\/div>\n\t\t<\/div>\n\t\t\t\t<\/div>\n\t\t\t\t<\/div>\n\t\t\t\t<div class=\"elementor-element elementor-element-b076dbc elementor-widget elementor-widget-heading\" data-id=\"b076dbc\" data-element_type=\"widget\" data-widget_type=\"heading.default\">\n\t\t\t\t<div class=\"elementor-widget-container\">\n\t\t\t<h2 class=\"elementor-heading-title elementor-size-default\">Hor\u00e1rio de Funcionamento<\/h2>\t\t<\/div>\n\t\t\t\t<\/div>\n\t\t\t\t<div class=\"elementor-element elementor-element-ef01ec1 elementor-widget elementor-widget-text-editor\" data-id=\"ef01ec1\" data-element_type=\"widget\" data-widget_type=\"text-editor.default\">\n\t\t\t\t<div class=\"elementor-widget-container\">\n\t\t\t\t\t\t\t<p>Segunda \u00e0 Sexta: 9:00 \u2013 19:00<\/p>\t\t\t\t\t\t<\/div>\n\t\t\t\t<\/div>\n\t\t\t\t\t<\/div>\n\t\t<\/div>\n\t\t\t\t<div class=\"elementor-column elementor-col-25 elementor-top-column elementor-element elementor-element-9a273bb\" data-id=\"9a273bb\" data-element_type=\"column\">\n\t\t\t<div class=\"elementor-widget-wrap elementor-element-populated\">\n\t\t\t\t\t\t\t\t<div class=\"elementor-element elementor-element-1f341b0 elementor-view-default elementor-widget elementor-widget-icon\" data-id=\"1f341b0\" data-element_type=\"widget\" data-widget_type=\"icon.default\">\n\t\t\t\t<div class=\"elementor-widget-container\">\n\t\t\t\t\t<div class=\"elementor-icon-wrapper\">\n\t\t\t<div class=\"elementor-icon\">\n\t\t\t<i aria-hidden=\"true\" class=\"fas fa-phone\"><\/i>\t\t\t<\/div>\n\t\t<\/div>\n\t\t\t\t<\/div>\n\t\t\t\t<\/div>\n\t\t\t\t<div class=\"elementor-element elementor-element-6e75c1d elementor-widget elementor-widget-heading\" data-id=\"6e75c1d\" data-element_type=\"widget\" data-widget_type=\"heading.default\">\n\t\t\t\t<div class=\"elementor-widget-container\">\n\t\t\t<h2 class=\"elementor-heading-title elementor-size-default\">Telefone<\/h2>\t\t<\/div>\n\t\t\t\t<\/div>\n\t\t\t\t<div class=\"elementor-element elementor-element-a33b5ba elementor-widget elementor-widget-text-editor\" data-id=\"a33b5ba\" data-element_type=\"widget\" data-widget_type=\"text-editor.default\">\n\t\t\t\t<div class=\"elementor-widget-container\">\n\t\t\t\t\t\t\t<p>+55 (11)\u00a02589-5735<\/p><p>+55\u00a0(83) 3576-1203<\/p>\t\t\t\t\t\t<\/div>\n\t\t\t\t<\/div>\n\t\t\t\t\t<\/div>\n\t\t<\/div>\n\t\t\t\t<div class=\"elementor-column elementor-col-25 elementor-top-column elementor-element elementor-element-3f0017a\" data-id=\"3f0017a\" data-element_type=\"column\">\n\t\t\t<div class=\"elementor-widget-wrap elementor-element-populated\">\n\t\t\t\t\t\t\t\t<div class=\"elementor-element elementor-element-151c8c2 elementor-view-default elementor-widget elementor-widget-icon\" data-id=\"151c8c2\" data-element_type=\"widget\" data-widget_type=\"icon.default\">\n\t\t\t\t<div class=\"elementor-widget-container\">\n\t\t\t\t\t<div class=\"elementor-icon-wrapper\">\n\t\t\t<div class=\"elementor-icon\">\n\t\t\t<i aria-hidden=\"true\" class=\"fas fa-envelope\"><\/i>\t\t\t<\/div>\n\t\t<\/div>\n\t\t\t\t<\/div>\n\t\t\t\t<\/div>\n\t\t\t\t<div class=\"elementor-element elementor-element-0b2f304 elementor-widget elementor-widget-heading\" data-id=\"0b2f304\" data-element_type=\"widget\" data-widget_type=\"heading.default\">\n\t\t\t\t<div class=\"elementor-widget-container\">\n\t\t\t<h2 class=\"elementor-heading-title elementor-size-default\">Email<\/h2>\t\t<\/div>\n\t\t\t\t<\/div>\n\t\t\t\t<div class=\"elementor-element elementor-element-52ba649 elementor-widget elementor-widget-text-editor\" data-id=\"52ba649\" data-element_type=\"widget\" data-widget_type=\"text-editor.default\">\n\t\t\t\t<div class=\"elementor-widget-container\">\n\t\t\t\t\t\t\t<p>contato@cccadv.com.br<\/p>\t\t\t\t\t\t<\/div>\n\t\t\t\t<\/div>\n\t\t\t\t\t<\/div>\n\t\t<\/div>\n\t\t\t\t<div class=\"elementor-column elementor-col-25 elementor-top-column elementor-element elementor-element-d79101b\" data-id=\"d79101b\" data-element_type=\"column\">\n\t\t\t<div class=\"elementor-widget-wrap elementor-element-populated\">\n\t\t\t\t\t\t\t\t<div class=\"elementor-element elementor-element-83dda7f elementor-view-default elementor-widget elementor-widget-icon\" data-id=\"83dda7f\" data-element_type=\"widget\" data-widget_type=\"icon.default\">\n\t\t\t\t<div class=\"elementor-widget-container\">\n\t\t\t\t\t<div class=\"elementor-icon-wrapper\">\n\t\t\t<div class=\"elementor-icon\">\n\t\t\t<i aria-hidden=\"true\" class=\"fas fa-map-marker-alt\"><\/i>\t\t\t<\/div>\n\t\t<\/div>\n\t\t\t\t<\/div>\n\t\t\t\t<\/div>\n\t\t\t\t<div class=\"elementor-element elementor-element-979b1b8 elementor-widget elementor-widget-heading\" data-id=\"979b1b8\" data-element_type=\"widget\" data-widget_type=\"heading.default\">\n\t\t\t\t<div class=\"elementor-widget-container\">\n\t\t\t<h2 class=\"elementor-heading-title elementor-size-default\">Endere\u00e7os<\/h2>\t\t<\/div>\n\t\t\t\t<\/div>\n\t\t\t\t<div class=\"elementor-element elementor-element-3ca6c85 elementor-widget elementor-widget-text-editor\" data-id=\"3ca6c85\" data-element_type=\"widget\" data-widget_type=\"text-editor.default\">\n\t\t\t\t<div class=\"elementor-widget-container\">\n\t\t\t\t\t\t\t<p>Av. Ang\u00e9lica, 2491 \u2013 5\u00ba andar, CJ 54<br \/>Consola\u00e7\u00e3o \u2013 S\u00e3o Paulo\/SP \u2013 Brasil CEP 01227-200<\/p><p>R. Ant\u00f4nio Rabelo Jr, 161 \u2013 10\u00ba andar, sl 1007<br \/>Miramar \u2013 Jo\u00e3o Pessoa\/PB \u2013 Brasil CEP 58032-090<\/p>\t\t\t\t\t\t<\/div>\n\t\t\t\t<\/div>\n\t\t\t\t\t<\/div>\n\t\t<\/div>\n\t\t\t\t\t\t\t<\/div>\n\t\t<\/section>\n\t\t\t\t<section class=\"elementor-section elementor-top-section elementor-element elementor-element-1efe5cf elementor-section-boxed elementor-section-height-default elementor-section-height-default\" data-id=\"1efe5cf\" data-element_type=\"section\" data-settings=\"{&quot;background_background&quot;:&quot;classic&quot;}\">\n\t\t\t\t\t\t<div class=\"elementor-container elementor-column-gap-default\">\n\t\t\t\t\t<div class=\"elementor-column elementor-col-50 elementor-top-column elementor-element elementor-element-97bc0b8\" data-id=\"97bc0b8\" data-element_type=\"column\">\n\t\t\t<div class=\"elementor-widget-wrap elementor-element-populated\">\n\t\t\t\t\t\t\t\t<div class=\"elementor-element elementor-element-5cad654 elementor-widget elementor-widget-heading\" data-id=\"5cad654\" data-element_type=\"widget\" data-widget_type=\"heading.default\">\n\t\t\t\t<div class=\"elementor-widget-container\">\n\t\t\t<h2 class=\"elementor-heading-title elementor-size-default\">ENTRE EM CONTATO<\/h2>\t\t<\/div>\n\t\t\t\t<\/div>\n\t\t\t\t<div class=\"elementor-element elementor-element-501c58c elementor-widget elementor-widget-text-editor\" data-id=\"501c58c\" data-element_type=\"widget\" data-widget_type=\"text-editor.default\">\n\t\t\t\t<div class=\"elementor-widget-container\">\n\t\t\t\t\t\t\t<p><em>Quest\u00f5es empresariais pode ser complexas. Aqui voc\u00ea encontrar\u00e1 profissionais qualificados e dispostos a inform\u00e1-lo sobre todos os aspectos do seu problema, apresentando solu\u00e7\u00f5es inovadoras e personalizadas.<\/em><\/p><p><em>Estamos \u00e0 disposi\u00e7\u00e3o para a ajudar a esclarecer as suas d\u00favidas.<\/em><\/p>\t\t\t\t\t\t<\/div>\n\t\t\t\t<\/div>\n\t\t\t\t\t<\/div>\n\t\t<\/div>\n\t\t\t\t<div class=\"elementor-column elementor-col-50 elementor-top-column elementor-element elementor-element-cb4625f\" data-id=\"cb4625f\" data-element_type=\"column\">\n\t\t\t<div class=\"elementor-widget-wrap elementor-element-populated\">\n\t\t\t\t\t\t\t\t<div class=\"elementor-element elementor-element-dc94199 elementor-button-align-stretch elementor-widget elementor-widget-form\" data-id=\"dc94199\" data-element_type=\"widget\" data-settings=\"{&quot;step_next_label&quot;:&quot;Next&quot;,&quot;step_previous_label&quot;:&quot;Previous&quot;,&quot;button_width&quot;:&quot;100&quot;,&quot;step_type&quot;:&quot;number_text&quot;,&quot;step_icon_shape&quot;:&quot;circle&quot;}\" data-widget_type=\"form.default\">\n\t\t\t\t<div class=\"elementor-widget-container\">\n\t\t\t\t\t<form class=\"elementor-form\" method=\"post\" name=\"New Form\">\n\t\t\t<input type=\"hidden\" name=\"post_id\" value=\"15\"\/>\n\t\t\t<input type=\"hidden\" name=\"form_id\" value=\"dc94199\"\/>\n\t\t\t<input type=\"hidden\" name=\"referer_title\" value=\"CANDIDO COSTA &amp; CANCIO ADVOGADOS ASSOCIADOS\" \/>\n\n\t\t\t\n\t\t\t<div class=\"elementor-form-fields-wrapper elementor-labels-above\">\n\t\t\t\t\t\t\t\t<div class=\"elementor-field-type-text elementor-field-group elementor-column elementor-field-group-name elementor-col-100\">\n\t\t\t\t\t<input size=\"1\" type=\"text\" name=\"form_fields[name]\" id=\"form-field-name\" class=\"elementor-field elementor-size-sm  elementor-field-textual\" placeholder=\"Nome\">\t\t\t\t<\/div>\n\t\t\t\t\t\t\t\t<div class=\"elementor-field-type-email elementor-field-group elementor-column elementor-field-group-email elementor-col-100 elementor-field-required\">\n\t\t\t\t\t<input size=\"1\" type=\"email\" name=\"form_fields[email]\" id=\"form-field-email\" class=\"elementor-field elementor-size-sm  elementor-field-textual\" placeholder=\"Email\" required=\"required\" aria-required=\"true\">\t\t\t\t<\/div>\n\t\t\t\t\t\t\t\t<div class=\"elementor-field-type-textarea elementor-field-group elementor-column elementor-field-group-message elementor-col-100\">\n\t\t\t\t\t<textarea class=\"elementor-field-textual elementor-field  elementor-size-sm\" name=\"form_fields[message]\" id=\"form-field-message\" rows=\"4\" placeholder=\"Mensagem\"><\/textarea>\t\t\t\t<\/div>\n\t\t\t\t\t\t\t\t<div class=\"elementor-field-group elementor-column elementor-field-type-submit elementor-col-100 e-form__buttons\">\n\t\t\t\t\t<button type=\"submit\" class=\"elementor-button elementor-size-sm\">\n\t\t\t\t\t\t<span >\n\t\t\t\t\t\t\t\t\t\t\t\t\t\t\t<span class=\" elementor-button-icon\">\n\t\t\t\t\t\t\t\t\t\t\t\t\t\t\t\t\t\t\t\t\t\t\t\t\t\t<\/span>\n\t\t\t\t\t\t\t\t\t\t\t\t\t\t\t\t\t\t\t\t\t\t<span class=\"elementor-button-text\">Enviar<\/span>\n\t\t\t\t\t\t\t\t\t\t\t\t\t<\/span>\n\t\t\t\t\t<\/button>\n\t\t\t\t<\/div>\n\t\t\t<\/div>\n\t\t<\/form>\n\t\t\t\t<\/div>\n\t\t\t\t<\/div>\n\t\t\t\t\t<\/div>\n\t\t<\/div>\n\t\t\t\t\t\t\t<\/div>\n\t\t<\/section>\n\t\t\t\t\t\t<\/div>\n\t\t\t\t\t<\/div>\n\t\t","protected":false},"excerpt":{"rendered":"<p>ENTRE EM CONTATO Nossa equipe est\u00e1 pronta para atende-lo Hor\u00e1rio de Funcionamento Segunda \u00e0 Sexta: 9:00 \u2013 19:00 Telefone +55 (11)\u00a02589-5735 +55\u00a0(83) 3576-1203 Email contato@cccadv.com.br Endere\u00e7os Av. Ang\u00e9lica, 2491 \u2013 5\u00ba andar, CJ 54Consola\u00e7\u00e3o \u2013 S\u00e3o Paulo\/SP \u2013 Brasil CEP 01227-200 R. Ant\u00f4nio Rabelo Jr, 161 \u2013 10\u00ba andar, sl 1007Miramar \u2013 Jo\u00e3o Pessoa\/PB \u2013 [&hellip;]<\/p>\n","protected":false},"author":2,"featured_media":0,"parent":0,"menu_order":0,"comment_status":"closed","ping_status":"closed","template":"","meta":{"_joinchat":[],"footnotes":""},"yoast_head":"<!-- This site is optimized with the Yoast SEO plugin v19.5.1 - https:\/\/yoast.com\/wordpress\/plugins\/seo\/ -->\n<title>Contato - CANDIDO COSTA &amp; CANCIO ADVOGADOS ASSOCIADOS<\/title>\n<meta name=\"robots\" content=\"index, follow, max-snippet:-1, max-image-preview:large, max-video-preview:-1\" \/>\n<link rel=\"canonical\" href=\"http:\/\/cccadv.com.br\/site\/contato\/\" \/>\n<meta property=\"og:locale\" content=\"pt_BR\" \/>\n<meta property=\"og:type\" content=\"article\" \/>\n<meta property=\"og:title\" content=\"Contato - CANDIDO COSTA &amp; CANCIO ADVOGADOS ASSOCIADOS\" \/>\n<meta property=\"og:description\" content=\"ENTRE EM CONTATO Nossa equipe est\u00e1 pronta para atende-lo Hor\u00e1rio de Funcionamento Segunda \u00e0 Sexta: 9:00 \u2013 19:00 Telefone +55 (11)\u00a02589-5735 +55\u00a0(83) 3576-1203 Email contato@cccadv.com.br Endere\u00e7os Av. Ang\u00e9lica, 2491 \u2013 5\u00ba andar, CJ 54Consola\u00e7\u00e3o \u2013 S\u00e3o Paulo\/SP \u2013 Brasil CEP 01227-200 R. Ant\u00f4nio Rabelo Jr, 161 \u2013 10\u00ba andar, sl 1007Miramar \u2013 Jo\u00e3o Pessoa\/PB \u2013 [&hellip;]\" \/>\n<meta property=\"og:url\" content=\"http:\/\/cccadv.com.br\/site\/contato\/\" \/>\n<meta property=\"og:site_name\" content=\"CANDIDO COSTA &amp; CANCIO ADVOGADOS ASSOCIADOS\" \/>\n<meta property=\"article:modified_time\" content=\"2022-08-26T17:06:48+00:00\" \/>\n<meta name=\"twitter:card\" content=\"summary_large_image\" \/>\n<meta name=\"twitter:label1\" content=\"Est. tempo de leitura\" \/>\n\t<meta name=\"twitter:data1\" content=\"1 minuto\" \/>\n<script type=\"application\/ld+json\" class=\"yoast-schema-graph\">{\"@context\":\"https:\/\/schema.org\",\"@graph\":[{\"@type\":\"WebPage\",\"@id\":\"http:\/\/cccadv.com.br\/site\/contato\/\",\"url\":\"http:\/\/cccadv.com.br\/site\/contato\/\",\"name\":\"Contato - CANDIDO COSTA &amp; CANCIO ADVOGADOS ASSOCIADOS\",\"isPartOf\":{\"@id\":\"http:\/\/cccadv.com.br\/site\/#website\"},\"datePublished\":\"2021-06-21T12:20:21+00:00\",\"dateModified\":\"2022-08-26T17:06:48+00:00\",\"breadcrumb\":{\"@id\":\"http:\/\/cccadv.com.br\/site\/contato\/#breadcrumb\"},\"inLanguage\":\"pt-BR\",\"potentialAction\":[{\"@type\":\"ReadAction\",\"target\":[\"http:\/\/cccadv.com.br\/site\/contato\/\"]}]},{\"@type\":\"BreadcrumbList\",\"@id\":\"http:\/\/cccadv.com.br\/site\/contato\/#breadcrumb\",\"itemListElement\":[{\"@type\":\"ListItem\",\"position\":1,\"name\":\"In\u00edcio\",\"item\":\"https:\/\/cccadv.com.br\/site\/\"},{\"@type\":\"ListItem\",\"position\":2,\"name\":\"Contato\"}]},{\"@type\":\"WebSite\",\"@id\":\"http:\/\/cccadv.com.br\/site\/#website\",\"url\":\"http:\/\/cccadv.com.br\/site\/\",\"name\":\"CANDIDO COSTA &amp; CANCIO ADVOGADOS ASSOCIADOS\",\"description\":\"CANDIDO COSTA &amp; CANCIO ADVOGADOS ASSOCIADOS\",\"potentialAction\":[{\"@type\":\"SearchAction\",\"target\":{\"@type\":\"EntryPoint\",\"urlTemplate\":\"http:\/\/cccadv.com.br\/site\/?s={search_term_string}\"},\"query-input\":\"required name=search_term_string\"}],\"inLanguage\":\"pt-BR\"}]}<\/script>\n<!-- \/ Yoast SEO plugin. -->","yoast_head_json":{"title":"Contato - CANDIDO COSTA &amp; CANCIO ADVOGADOS ASSOCIADOS","robots":{"index":"index","follow":"follow","max-snippet":"max-snippet:-1","max-image-preview":"max-image-preview:large","max-video-preview":"max-video-preview:-1"},"canonical":"http:\/\/cccadv.com.br\/site\/contato\/","og_locale":"pt_BR","og_type":"article","og_title":"Contato - CANDIDO COSTA &amp; CANCIO ADVOGADOS ASSOCIADOS","og_description":"ENTRE EM CONTATO Nossa equipe est\u00e1 pronta para atende-lo Hor\u00e1rio de Funcionamento Segunda \u00e0 Sexta: 9:00 \u2013 19:00 Telefone +55 (11)\u00a02589-5735 +55\u00a0(83) 3576-1203 Email contato@cccadv.com.br Endere\u00e7os Av. Ang\u00e9lica, 2491 \u2013 5\u00ba andar, CJ 54Consola\u00e7\u00e3o \u2013 S\u00e3o Paulo\/SP \u2013 Brasil CEP 01227-200 R. Ant\u00f4nio Rabelo Jr, 161 \u2013 10\u00ba andar, sl 1007Miramar \u2013 Jo\u00e3o Pessoa\/PB \u2013 [&hellip;]","og_url":"http:\/\/cccadv.com.br\/site\/contato\/","og_site_name":"CANDIDO COSTA &amp; CANCIO ADVOGADOS ASSOCIADOS","article_modified_time":"2022-08-26T17:06:48+00:00","twitter_card":"summary_large_image","twitter_misc":{"Est. tempo de leitura":"1 minuto"},"schema":{"@context":"https:\/\/schema.org","@graph":[{"@type":"WebPage","@id":"http:\/\/cccadv.com.br\/site\/contato\/","url":"http:\/\/cccadv.com.br\/site\/contato\/","name":"Contato - CANDIDO COSTA &amp; CANCIO ADVOGADOS ASSOCIADOS","isPartOf":{"@id":"http:\/\/cccadv.com.br\/site\/#website"},"datePublished":"2021-06-21T12:20:21+00:00","dateModified":"2022-08-26T17:06:48+00:00","breadcrumb":{"@id":"http:\/\/cccadv.com.br\/site\/contato\/#breadcrumb"},"inLanguage":"pt-BR","potentialAction":[{"@type":"ReadAction","target":["http:\/\/cccadv.com.br\/site\/contato\/"]}]},{"@type":"BreadcrumbList","@id":"http:\/\/cccadv.com.br\/site\/contato\/#breadcrumb","itemListElement":[{"@type":"ListItem","position":1,"name":"In\u00edcio","item":"https:\/\/cccadv.com.br\/site\/"},{"@type":"ListItem","position":2,"name":"Contato"}]},{"@type":"WebSite","@id":"http:\/\/cccadv.com.br\/site\/#website","url":"http:\/\/cccadv.com.br\/site\/","name":"CANDIDO COSTA &amp; CANCIO ADVOGADOS ASSOCIADOS","description":"CANDIDO COSTA &amp; CANCIO ADVOGADOS ASSOCIADOS","potentialAction":[{"@type":"SearchAction","target":{"@type":"EntryPoint","urlTemplate":"http:\/\/cccadv.com.br\/site\/?s={search_term_string}"},"query-input":"required name=search_term_string"}],"inLanguage":"pt-BR"}]}},"_links":{"self":[{"href":"http:\/\/cccadv.com.br\/site\/wp-json\/wp\/v2\/pages\/15"}],"collection":[{"href":"http:\/\/cccadv.com.br\/site\/wp-json\/wp\/v2\/pages"}],"about":[{"href":"http:\/\/cccadv.com.br\/site\/wp-json\/wp\/v2\/types\/page"}],"author":[{"embeddable":true,"href":"http:\/\/cccadv.com.br\/site\/wp-json\/wp\/v2\/users\/2"}],"replies":[{"embeddable":true,"href":"http:\/\/cccadv.com.br\/site\/wp-json\/wp\/v2\/comments?post=15"}],"version-history":[{"count":10,"href":"http:\/\/cccadv.com.br\/site\/wp-json\/wp\/v2\/pages\/15\/revisions"}],"predecessor-version":[{"id":1790,"href":"http:\/\/cccadv.com.br\/site\/wp-json\/wp\/v2\/pages\/15\/revisions\/1790"}],"wp:attachment":[{"href":"http:\/\/cccadv.com.br\/site\/wp-json\/wp\/v2\/media?parent=15"}],"curies":[{"name":"wp","href":"https:\/\/api.w.org\/{rel}","templated":true}]}}