{"id":1334,"date":"2022-08-03T14:20:26","date_gmt":"2022-08-03T17:20:26","guid":{"rendered":"http:\/\/cccadv.com.br\/site\/?page_id=1334"},"modified":"2022-08-18T13:46:56","modified_gmt":"2022-08-18T16:46:56","slug":"team","status":"publish","type":"page","link":"http:\/\/cccadv.com.br\/site\/en\/team\/","title":{"rendered":"Team"},"content":{"rendered":"\t\t<div data-elementor-type=\"wp-page\" data-elementor-id=\"1334\" class=\"elementor elementor-1334\" data-elementor-settings=\"[]\">\n\t\t\t\t\t\t\t<div class=\"elementor-section-wrap\">\n\t\t\t\t\t\t\t<section class=\"elementor-section elementor-top-section elementor-element elementor-element-f579a46 elementor-section-boxed elementor-section-height-default elementor-section-height-default\" data-id=\"f579a46\" data-element_type=\"section\" data-settings=\"{&quot;background_background&quot;:&quot;classic&quot;}\">\n\t\t\t\t\t\t\t<div class=\"elementor-background-overlay\"><\/div>\n\t\t\t\t\t\t\t<div class=\"elementor-container elementor-column-gap-default\">\n\t\t\t\t\t<div class=\"elementor-column elementor-col-100 elementor-top-column elementor-element elementor-element-8567fd1\" data-id=\"8567fd1\" data-element_type=\"column\">\n\t\t\t<div class=\"elementor-widget-wrap elementor-element-populated\">\n\t\t\t\t\t\t\t\t<div class=\"elementor-element elementor-element-d209893 elementor-widget elementor-widget-heading\" data-id=\"d209893\" data-element_type=\"widget\" data-widget_type=\"heading.default\">\n\t\t\t\t<div class=\"elementor-widget-container\">\n\t\t\t<h2 class=\"elementor-heading-title elementor-size-default\">Meet our team<\/h2>\t\t<\/div>\n\t\t\t\t<\/div>\n\t\t\t\t<div class=\"elementor-element elementor-element-c155200 elementor-widget elementor-widget-text-editor\" data-id=\"c155200\" data-element_type=\"widget\" data-widget_type=\"text-editor.default\">\n\t\t\t\t<div class=\"elementor-widget-container\">\n\t\t\t\t\t\t\t<p>We have a multidisciplinary team with extensive experience and ready to help you!<\/p>\t\t\t\t\t\t<\/div>\n\t\t\t\t<\/div>\n\t\t\t\t\t<\/div>\n\t\t<\/div>\n\t\t\t\t\t\t\t<\/div>\n\t\t<\/section>\n\t\t\t\t<section class=\"elementor-section elementor-top-section elementor-element elementor-element-ac19b8f elementor-section-boxed elementor-section-height-default elementor-section-height-default\" data-id=\"ac19b8f\" data-element_type=\"section\">\n\t\t\t\t\t\t<div class=\"elementor-container elementor-column-gap-custom\">\n\t\t\t\t\t<div class=\"elementor-column elementor-col-33 elementor-top-column elementor-element elementor-element-6fcfd40\" data-id=\"6fcfd40\" data-element_type=\"column\" data-settings=\"{&quot;animation&quot;:&quot;none&quot;}\">\n\t\t\t<div class=\"elementor-widget-wrap elementor-element-populated\">\n\t\t\t\t\t\t\t\t<div class=\"elementor-element elementor-element-42d1e75 elementor-widget elementor-widget-image\" data-id=\"42d1e75\" data-element_type=\"widget\" data-settings=\"{&quot;_animation&quot;:&quot;none&quot;}\" data-widget_type=\"image.default\">\n\t\t\t\t<div class=\"elementor-widget-container\">\n\t\t\t\t\t\t\t\t\t\t\t\t\t\t\t\t<a href=\"#elementor-action%3Aaction%3Dpopup%3Aopen%26settings%3DeyJpZCI6IjEzNjMiLCJ0b2dnbGUiOmZhbHNlfQ%3D%3D\">\n\t\t\t\t\t\t\t<img loading=\"lazy\" decoding=\"async\" width=\"444\" height=\"455\" src=\"http:\/\/cccadv.com.br\/site\/wp-content\/uploads\/2022\/08\/maria-roseli-candido-costa-webp.webp\" class=\"elementor-animation-shrink attachment-medium_large size-medium_large\" alt=\"\" srcset=\"http:\/\/cccadv.com.br\/site\/wp-content\/uploads\/2022\/08\/maria-roseli-candido-costa-webp.webp 444w, http:\/\/cccadv.com.br\/site\/wp-content\/uploads\/2022\/08\/maria-roseli-candido-costa-webp-293x300.webp 293w\" sizes=\"(max-width: 444px) 100vw, 444px\" \/>\t\t\t\t\t\t\t\t<\/a>\n\t\t\t\t\t\t\t\t\t\t\t\t\t\t\t<\/div>\n\t\t\t\t<\/div>\n\t\t\t\t<div class=\"elementor-element elementor-element-534d641 elementor-widget elementor-widget-heading\" data-id=\"534d641\" data-element_type=\"widget\" data-widget_type=\"heading.default\">\n\t\t\t\t<div class=\"elementor-widget-container\">\n\t\t\t<h2 class=\"elementor-heading-title elementor-size-default\"><a href=\"#elementor-action%3Aaction%3Dpopup%3Aopen%26settings%3DeyJpZCI6IjEzNjMiLCJ0b2dnbGUiOmZhbHNlfQ%3D%3D\">Maria Roseli\nCandido Costa<\/a><\/h2>\t\t<\/div>\n\t\t\t\t<\/div>\n\t\t\t\t\t<\/div>\n\t\t<\/div>\n\t\t\t\t<div class=\"elementor-column elementor-col-33 elementor-top-column elementor-element elementor-element-3449851\" data-id=\"3449851\" data-element_type=\"column\">\n\t\t\t<div class=\"elementor-widget-wrap elementor-element-populated\">\n\t\t\t\t\t\t\t\t<div class=\"elementor-element elementor-element-baba75d elementor-widget elementor-widget-image\" data-id=\"baba75d\" data-element_type=\"widget\" data-widget_type=\"image.default\">\n\t\t\t\t<div class=\"elementor-widget-container\">\n\t\t\t\t\t\t\t\t\t\t\t\t\t\t\t\t<a href=\"#elementor-action%3Aaction%3Dpopup%3Aopen%26settings%3DeyJpZCI6IjEzNjkiLCJ0b2dnbGUiOmZhbHNlfQ%3D%3D\">\n\t\t\t\t\t\t\t<img loading=\"lazy\" decoding=\"async\" width=\"444\" height=\"455\" src=\"http:\/\/cccadv.com.br\/site\/wp-content\/uploads\/2022\/08\/maira-cancio-assumpcao-de-freitas-webp.webp\" class=\"elementor-animation-shrink attachment-medium_large size-medium_large\" alt=\"\" srcset=\"http:\/\/cccadv.com.br\/site\/wp-content\/uploads\/2022\/08\/maira-cancio-assumpcao-de-freitas-webp.webp 444w, http:\/\/cccadv.com.br\/site\/wp-content\/uploads\/2022\/08\/maira-cancio-assumpcao-de-freitas-webp-293x300.webp 293w\" sizes=\"(max-width: 444px) 100vw, 444px\" \/>\t\t\t\t\t\t\t\t<\/a>\n\t\t\t\t\t\t\t\t\t\t\t\t\t\t\t<\/div>\n\t\t\t\t<\/div>\n\t\t\t\t<div class=\"elementor-element elementor-element-5f5d123 elementor-widget elementor-widget-heading\" data-id=\"5f5d123\" data-element_type=\"widget\" data-widget_type=\"heading.default\">\n\t\t\t\t<div class=\"elementor-widget-container\">\n\t\t\t<h2 class=\"elementor-heading-title elementor-size-default\"><a href=\"#elementor-action%3Aaction%3Dpopup%3Aopen%26settings%3DeyJpZCI6IjEzNjkiLCJ0b2dnbGUiOmZhbHNlfQ%3D%3D\">Ma\u00edra Cancio Assump\u00e7\u00e3o de Freitas<\/a><\/h2>\t\t<\/div>\n\t\t\t\t<\/div>\n\t\t\t\t\t<\/div>\n\t\t<\/div>\n\t\t\t\t<div class=\"elementor-column elementor-col-33 elementor-top-column elementor-element elementor-element-0090362\" data-id=\"0090362\" data-element_type=\"column\">\n\t\t\t<div class=\"elementor-widget-wrap elementor-element-populated\">\n\t\t\t\t\t\t\t\t<div class=\"elementor-element elementor-element-dd92a7a elementor-widget elementor-widget-image\" data-id=\"dd92a7a\" data-element_type=\"widget\" data-widget_type=\"image.default\">\n\t\t\t\t<div class=\"elementor-widget-container\">\n\t\t\t\t\t\t\t\t\t\t\t\t\t\t\t\t<a href=\"#elementor-action%3Aaction%3Dpopup%3Aopen%26settings%3DeyJpZCI6IjEzNzMiLCJ0b2dnbGUiOmZhbHNlfQ%3D%3D\">\n\t\t\t\t\t\t\t<img loading=\"lazy\" decoding=\"async\" width=\"444\" height=\"455\" src=\"http:\/\/cccadv.com.br\/site\/wp-content\/uploads\/2022\/08\/lucas-maia-freire-webp.webp\" class=\"elementor-animation-shrink attachment-large size-large\" alt=\"\" srcset=\"http:\/\/cccadv.com.br\/site\/wp-content\/uploads\/2022\/08\/lucas-maia-freire-webp.webp 444w, http:\/\/cccadv.com.br\/site\/wp-content\/uploads\/2022\/08\/lucas-maia-freire-webp-293x300.webp 293w\" sizes=\"(max-width: 444px) 100vw, 444px\" \/>\t\t\t\t\t\t\t\t<\/a>\n\t\t\t\t\t\t\t\t\t\t\t\t\t\t\t<\/div>\n\t\t\t\t<\/div>\n\t\t\t\t<div class=\"elementor-element elementor-element-0b96800 elementor-widget elementor-widget-heading\" data-id=\"0b96800\" data-element_type=\"widget\" data-widget_type=\"heading.default\">\n\t\t\t\t<div class=\"elementor-widget-container\">\n\t\t\t<h2 class=\"elementor-heading-title elementor-size-default\"><a href=\"#elementor-action%3Aaction%3Dpopup%3Aopen%26settings%3DeyJpZCI6IjEzNzMiLCJ0b2dnbGUiOmZhbHNlfQ%3D%3D\">Lucas Maia Freire<\/a><\/h2>\t\t<\/div>\n\t\t\t\t<\/div>\n\t\t\t\t\t<\/div>\n\t\t<\/div>\n\t\t\t\t\t\t\t<\/div>\n\t\t<\/section>\n\t\t\t\t<section class=\"elementor-section elementor-top-section elementor-element elementor-element-8efeaad elementor-section-boxed elementor-section-height-default elementor-section-height-default\" data-id=\"8efeaad\" data-element_type=\"section\">\n\t\t\t\t\t\t<div class=\"elementor-container elementor-column-gap-custom\">\n\t\t\t\t\t<div class=\"elementor-column elementor-col-33 elementor-top-column elementor-element elementor-element-7450ac4\" data-id=\"7450ac4\" data-element_type=\"column\">\n\t\t\t<div class=\"elementor-widget-wrap elementor-element-populated\">\n\t\t\t\t\t\t\t\t<div class=\"elementor-element elementor-element-5b50bd4 elementor-widget elementor-widget-image\" data-id=\"5b50bd4\" data-element_type=\"widget\" data-widget_type=\"image.default\">\n\t\t\t\t<div class=\"elementor-widget-container\">\n\t\t\t\t\t\t\t\t\t\t\t\t\t\t\t\t<a href=\"#elementor-action%3Aaction%3Dpopup%3Aopen%26settings%3DeyJpZCI6IjEzNzciLCJ0b2dnbGUiOmZhbHNlfQ%3D%3D\">\n\t\t\t\t\t\t\t<img loading=\"lazy\" decoding=\"async\" width=\"444\" height=\"455\" src=\"http:\/\/cccadv.com.br\/site\/wp-content\/uploads\/2022\/08\/maria-fernanda-abreu-san-martin-webp.webp\" class=\"elementor-animation-shrink attachment-large size-large\" alt=\"\" srcset=\"http:\/\/cccadv.com.br\/site\/wp-content\/uploads\/2022\/08\/maria-fernanda-abreu-san-martin-webp.webp 444w, http:\/\/cccadv.com.br\/site\/wp-content\/uploads\/2022\/08\/maria-fernanda-abreu-san-martin-webp-293x300.webp 293w\" sizes=\"(max-width: 444px) 100vw, 444px\" \/>\t\t\t\t\t\t\t\t<\/a>\n\t\t\t\t\t\t\t\t\t\t\t\t\t\t\t<\/div>\n\t\t\t\t<\/div>\n\t\t\t\t<div class=\"elementor-element elementor-element-b6bf3bf elementor-widget elementor-widget-heading\" data-id=\"b6bf3bf\" data-element_type=\"widget\" data-widget_type=\"heading.default\">\n\t\t\t\t<div class=\"elementor-widget-container\">\n\t\t\t<h2 class=\"elementor-heading-title elementor-size-default\"><a href=\"#elementor-action%3Aaction%3Dpopup%3Aopen%26settings%3DeyJpZCI6IjEzNzciLCJ0b2dnbGUiOmZhbHNlfQ%3D%3D\">Maria Fernanda Abreu San Martin<\/a><\/h2>\t\t<\/div>\n\t\t\t\t<\/div>\n\t\t\t\t\t<\/div>\n\t\t<\/div>\n\t\t\t\t<div class=\"elementor-column elementor-col-33 elementor-top-column elementor-element elementor-element-d51e85f\" data-id=\"d51e85f\" data-element_type=\"column\">\n\t\t\t<div class=\"elementor-widget-wrap elementor-element-populated\">\n\t\t\t\t\t\t\t\t<div class=\"elementor-element elementor-element-49bb438 elementor-widget elementor-widget-image\" data-id=\"49bb438\" data-element_type=\"widget\" data-widget_type=\"image.default\">\n\t\t\t\t<div class=\"elementor-widget-container\">\n\t\t\t\t\t\t\t\t\t\t\t\t\t\t\t\t<a href=\"#elementor-action%3Aaction%3Dpopup%3Aopen%26settings%3DeyJpZCI6IjEzODIiLCJ0b2dnbGUiOmZhbHNlfQ%3D%3D\">\n\t\t\t\t\t\t\t<img loading=\"lazy\" decoding=\"async\" width=\"444\" height=\"455\" src=\"http:\/\/cccadv.com.br\/site\/wp-content\/uploads\/2022\/08\/ana-paula-correia-de-albuquerque-da-costa-webp.webp\" class=\"elementor-animation-shrink attachment-large size-large\" alt=\"\" srcset=\"http:\/\/cccadv.com.br\/site\/wp-content\/uploads\/2022\/08\/ana-paula-correia-de-albuquerque-da-costa-webp.webp 444w, http:\/\/cccadv.com.br\/site\/wp-content\/uploads\/2022\/08\/ana-paula-correia-de-albuquerque-da-costa-webp-293x300.webp 293w\" sizes=\"(max-width: 444px) 100vw, 444px\" \/>\t\t\t\t\t\t\t\t<\/a>\n\t\t\t\t\t\t\t\t\t\t\t\t\t\t\t<\/div>\n\t\t\t\t<\/div>\n\t\t\t\t<div class=\"elementor-element elementor-element-93714ba elementor-widget elementor-widget-heading\" data-id=\"93714ba\" data-element_type=\"widget\" data-widget_type=\"heading.default\">\n\t\t\t\t<div class=\"elementor-widget-container\">\n\t\t\t<h2 class=\"elementor-heading-title elementor-size-default\"><a href=\"#elementor-action%3Aaction%3Dpopup%3Aopen%26settings%3DeyJpZCI6IjEzODIiLCJ0b2dnbGUiOmZhbHNlfQ%3D%3D\">Ana Paula Correia de Albuquerque da Costa<\/a><\/h2>\t\t<\/div>\n\t\t\t\t<\/div>\n\t\t\t\t\t<\/div>\n\t\t<\/div>\n\t\t\t\t<div class=\"elementor-column elementor-col-33 elementor-top-column elementor-element elementor-element-759c91d\" data-id=\"759c91d\" data-element_type=\"column\">\n\t\t\t<div class=\"elementor-widget-wrap elementor-element-populated\">\n\t\t\t\t\t\t\t\t<div class=\"elementor-element elementor-element-8a0a2f6 elementor-widget elementor-widget-image\" data-id=\"8a0a2f6\" data-element_type=\"widget\" data-widget_type=\"image.default\">\n\t\t\t\t<div class=\"elementor-widget-container\">\n\t\t\t\t\t\t\t\t\t\t\t\t\t\t\t\t<a href=\"#elementor-action%3Aaction%3Dpopup%3Aopen%26settings%3DeyJpZCI6IjEzODYiLCJ0b2dnbGUiOmZhbHNlfQ%3D%3D\">\n\t\t\t\t\t\t\t<img loading=\"lazy\" decoding=\"async\" width=\"370\" height=\"240\" src=\"http:\/\/cccadv.com.br\/site\/wp-content\/uploads\/2022\/08\/heloisa-rodrigues-costa-webp.webp\" class=\"elementor-animation-shrink attachment-large size-large\" alt=\"\" srcset=\"http:\/\/cccadv.com.br\/site\/wp-content\/uploads\/2022\/08\/heloisa-rodrigues-costa-webp.webp 370w, http:\/\/cccadv.com.br\/site\/wp-content\/uploads\/2022\/08\/heloisa-rodrigues-costa-webp-300x195.webp 300w\" sizes=\"(max-width: 370px) 100vw, 370px\" \/>\t\t\t\t\t\t\t\t<\/a>\n\t\t\t\t\t\t\t\t\t\t\t\t\t\t\t<\/div>\n\t\t\t\t<\/div>\n\t\t\t\t<div class=\"elementor-element elementor-element-b1c3c41 elementor-widget elementor-widget-heading\" data-id=\"b1c3c41\" data-element_type=\"widget\" data-widget_type=\"heading.default\">\n\t\t\t\t<div class=\"elementor-widget-container\">\n\t\t\t<h2 class=\"elementor-heading-title elementor-size-default\"><a href=\"#elementor-action%3Aaction%3Dpopup%3Aopen%26settings%3DeyJpZCI6IjEzODYiLCJ0b2dnbGUiOmZhbHNlfQ%3D%3D\">Helo\u00edsa Rodigues Costa<\/a><\/h2>\t\t<\/div>\n\t\t\t\t<\/div>\n\t\t\t\t\t<\/div>\n\t\t<\/div>\n\t\t\t\t\t\t\t<\/div>\n\t\t<\/section>\n\t\t\t\t<section class=\"elementor-section elementor-top-section elementor-element elementor-element-fa0eeff elementor-section-boxed elementor-section-height-default elementor-section-height-default\" data-id=\"fa0eeff\" data-element_type=\"section\">\n\t\t\t\t\t\t<div class=\"elementor-container elementor-column-gap-default\">\n\t\t\t\t\t<div class=\"elementor-column elementor-col-100 elementor-top-column elementor-element elementor-element-c13b788\" data-id=\"c13b788\" data-element_type=\"column\">\n\t\t\t<div class=\"elementor-widget-wrap elementor-element-populated\">\n\t\t\t\t\t\t\t\t<div class=\"elementor-element elementor-element-23f5d63 elementor-widget-divider--view-line elementor-widget elementor-widget-divider\" data-id=\"23f5d63\" data-element_type=\"widget\" data-widget_type=\"divider.default\">\n\t\t\t\t<div class=\"elementor-widget-container\">\n\t\t\t\t\t<div class=\"elementor-divider\">\n\t\t\t<span class=\"elementor-divider-separator\">\n\t\t\t\t\t\t<\/span>\n\t\t<\/div>\n\t\t\t\t<\/div>\n\t\t\t\t<\/div>\n\t\t\t\t\t<\/div>\n\t\t<\/div>\n\t\t\t\t\t\t\t<\/div>\n\t\t<\/section>\n\t\t\t\t<section class=\"elementor-section elementor-top-section elementor-element elementor-element-6cf7d6e elementor-hidden-desktop elementor-section-boxed elementor-section-height-default elementor-section-height-default\" data-id=\"6cf7d6e\" data-element_type=\"section\">\n\t\t\t\t\t\t<div class=\"elementor-container elementor-column-gap-default\">\n\t\t\t\t\t<div class=\"elementor-column elementor-col-100 elementor-top-column elementor-element elementor-element-37993eb\" data-id=\"37993eb\" data-element_type=\"column\">\n\t\t\t<div class=\"elementor-widget-wrap elementor-element-populated\">\n\t\t\t\t\t\t\t\t<div class=\"elementor-element elementor-element-ca5c4b2 elementor-widget-divider--view-line elementor-widget elementor-widget-divider\" data-id=\"ca5c4b2\" data-element_type=\"widget\" data-widget_type=\"divider.default\">\n\t\t\t\t<div class=\"elementor-widget-container\">\n\t\t\t\t\t<div class=\"elementor-divider\">\n\t\t\t<span class=\"elementor-divider-separator\">\n\t\t\t\t\t\t<\/span>\n\t\t<\/div>\n\t\t\t\t<\/div>\n\t\t\t\t<\/div>\n\t\t\t\t\t<\/div>\n\t\t<\/div>\n\t\t\t\t\t\t\t<\/div>\n\t\t<\/section>\n\t\t\t\t\t\t<\/div>\n\t\t\t\t\t<\/div>\n\t\t","protected":false},"excerpt":{"rendered":"<p>Meet our team We have a multidisciplinary team with extensive experience and ready to help you! Maria Roseli Candido Costa Ma\u00edra Cancio Assump\u00e7\u00e3o de Freitas Lucas Maia Freire Maria Fernanda Abreu San Martin Ana Paula Correia de Albuquerque da Costa Helo\u00edsa Rodigues Costa<\/p>\n","protected":false},"author":2,"featured_media":0,"parent":0,"menu_order":0,"comment_status":"closed","ping_status":"closed","template":"","meta":{"_joinchat":[],"footnotes":""},"yoast_head":"<!-- This site is optimized with the Yoast SEO plugin v19.5.1 - https:\/\/yoast.com\/wordpress\/plugins\/seo\/ -->\n<title>Team - CANDIDO COSTA &amp; CANCIO ADVOGADOS ASSOCIADOS<\/title>\n<meta name=\"robots\" content=\"index, follow, max-snippet:-1, max-image-preview:large, max-video-preview:-1\" \/>\n<link rel=\"canonical\" href=\"http:\/\/cccadv.com.br\/site\/en\/team\/\" \/>\n<meta property=\"og:locale\" content=\"pt_BR\" \/>\n<meta property=\"og:type\" content=\"article\" \/>\n<meta property=\"og:title\" content=\"Team - CANDIDO COSTA &amp; CANCIO ADVOGADOS ASSOCIADOS\" \/>\n<meta property=\"og:description\" content=\"Meet our team We have a multidisciplinary team with extensive experience and ready to help you! Maria Roseli Candido Costa Ma\u00edra Cancio Assump\u00e7\u00e3o de Freitas Lucas Maia Freire Maria Fernanda Abreu San Martin Ana Paula Correia de Albuquerque da Costa Helo\u00edsa Rodigues Costa\" \/>\n<meta property=\"og:url\" content=\"http:\/\/cccadv.com.br\/site\/en\/team\/\" \/>\n<meta property=\"og:site_name\" content=\"CANDIDO COSTA &amp; CANCIO ADVOGADOS ASSOCIADOS\" \/>\n<meta property=\"article:modified_time\" content=\"2022-08-18T16:46:56+00:00\" \/>\n<meta property=\"og:image\" content=\"http:\/\/cccadv.com.br\/site\/wp-content\/uploads\/2022\/08\/maria-roseli-candido-costa-webp.webp\" \/>\n<meta name=\"twitter:card\" content=\"summary_large_image\" \/>\n<meta name=\"twitter:label1\" content=\"Est. tempo de leitura\" \/>\n\t<meta name=\"twitter:data1\" content=\"2 minutos\" \/>\n<script type=\"application\/ld+json\" class=\"yoast-schema-graph\">{\"@context\":\"https:\/\/schema.org\",\"@graph\":[{\"@type\":\"WebPage\",\"@id\":\"http:\/\/cccadv.com.br\/site\/en\/team\/\",\"url\":\"http:\/\/cccadv.com.br\/site\/en\/team\/\",\"name\":\"Team - CANDIDO COSTA &amp; CANCIO ADVOGADOS ASSOCIADOS\",\"isPartOf\":{\"@id\":\"http:\/\/cccadv.com.br\/site\/#website\"},\"datePublished\":\"2022-08-03T17:20:26+00:00\",\"dateModified\":\"2022-08-18T16:46:56+00:00\",\"breadcrumb\":{\"@id\":\"http:\/\/cccadv.com.br\/site\/en\/team\/#breadcrumb\"},\"inLanguage\":\"pt-BR\",\"potentialAction\":[{\"@type\":\"ReadAction\",\"target\":[\"http:\/\/cccadv.com.br\/site\/en\/team\/\"]}]},{\"@type\":\"BreadcrumbList\",\"@id\":\"http:\/\/cccadv.com.br\/site\/en\/team\/#breadcrumb\",\"itemListElement\":[{\"@type\":\"ListItem\",\"position\":1,\"name\":\"In\u00edcio\",\"item\":\"https:\/\/cccadv.com.br\/site\/\"},{\"@type\":\"ListItem\",\"position\":2,\"name\":\"Team\"}]},{\"@type\":\"WebSite\",\"@id\":\"http:\/\/cccadv.com.br\/site\/#website\",\"url\":\"http:\/\/cccadv.com.br\/site\/\",\"name\":\"CANDIDO COSTA &amp; CANCIO ADVOGADOS ASSOCIADOS\",\"description\":\"CANDIDO COSTA &amp; CANCIO ADVOGADOS ASSOCIADOS\",\"potentialAction\":[{\"@type\":\"SearchAction\",\"target\":{\"@type\":\"EntryPoint\",\"urlTemplate\":\"http:\/\/cccadv.com.br\/site\/?s={search_term_string}\"},\"query-input\":\"required name=search_term_string\"}],\"inLanguage\":\"pt-BR\"}]}<\/script>\n<!-- \/ Yoast SEO plugin. -->","yoast_head_json":{"title":"Team - CANDIDO COSTA &amp; CANCIO ADVOGADOS ASSOCIADOS","robots":{"index":"index","follow":"follow","max-snippet":"max-snippet:-1","max-image-preview":"max-image-preview:large","max-video-preview":"max-video-preview:-1"},"canonical":"http:\/\/cccadv.com.br\/site\/en\/team\/","og_locale":"pt_BR","og_type":"article","og_title":"Team - CANDIDO COSTA &amp; CANCIO ADVOGADOS ASSOCIADOS","og_description":"Meet our team We have a multidisciplinary team with extensive experience and ready to help you! Maria Roseli Candido Costa Ma\u00edra Cancio Assump\u00e7\u00e3o de Freitas Lucas Maia Freire Maria Fernanda Abreu San Martin Ana Paula Correia de Albuquerque da Costa Helo\u00edsa Rodigues Costa","og_url":"http:\/\/cccadv.com.br\/site\/en\/team\/","og_site_name":"CANDIDO COSTA &amp; CANCIO ADVOGADOS ASSOCIADOS","article_modified_time":"2022-08-18T16:46:56+00:00","og_image":[{"url":"http:\/\/cccadv.com.br\/site\/wp-content\/uploads\/2022\/08\/maria-roseli-candido-costa-webp.webp"}],"twitter_card":"summary_large_image","twitter_misc":{"Est. tempo de leitura":"2 minutos"},"schema":{"@context":"https:\/\/schema.org","@graph":[{"@type":"WebPage","@id":"http:\/\/cccadv.com.br\/site\/en\/team\/","url":"http:\/\/cccadv.com.br\/site\/en\/team\/","name":"Team - CANDIDO COSTA &amp; CANCIO ADVOGADOS ASSOCIADOS","isPartOf":{"@id":"http:\/\/cccadv.com.br\/site\/#website"},"datePublished":"2022-08-03T17:20:26+00:00","dateModified":"2022-08-18T16:46:56+00:00","breadcrumb":{"@id":"http:\/\/cccadv.com.br\/site\/en\/team\/#breadcrumb"},"inLanguage":"pt-BR","potentialAction":[{"@type":"ReadAction","target":["http:\/\/cccadv.com.br\/site\/en\/team\/"]}]},{"@type":"BreadcrumbList","@id":"http:\/\/cccadv.com.br\/site\/en\/team\/#breadcrumb","itemListElement":[{"@type":"ListItem","position":1,"name":"In\u00edcio","item":"https:\/\/cccadv.com.br\/site\/"},{"@type":"ListItem","position":2,"name":"Team"}]},{"@type":"WebSite","@id":"http:\/\/cccadv.com.br\/site\/#website","url":"http:\/\/cccadv.com.br\/site\/","name":"CANDIDO COSTA &amp; CANCIO ADVOGADOS ASSOCIADOS","description":"CANDIDO COSTA &amp; CANCIO ADVOGADOS ASSOCIADOS","potentialAction":[{"@type":"SearchAction","target":{"@type":"EntryPoint","urlTemplate":"http:\/\/cccadv.com.br\/site\/?s={search_term_string}"},"query-input":"required name=search_term_string"}],"inLanguage":"pt-BR"}]}},"_links":{"self":[{"href":"http:\/\/cccadv.com.br\/site\/wp-json\/wp\/v2\/pages\/1334"}],"collection":[{"href":"http:\/\/cccadv.com.br\/site\/wp-json\/wp\/v2\/pages"}],"about":[{"href":"http:\/\/cccadv.com.br\/site\/wp-json\/wp\/v2\/types\/page"}],"author":[{"embeddable":true,"href":"http:\/\/cccadv.com.br\/site\/wp-json\/wp\/v2\/users\/2"}],"replies":[{"embeddable":true,"href":"http:\/\/cccadv.com.br\/site\/wp-json\/wp\/v2\/comments?post=1334"}],"version-history":[{"count":10,"href":"http:\/\/cccadv.com.br\/site\/wp-json\/wp\/v2\/pages\/1334\/revisions"}],"predecessor-version":[{"id":1713,"href":"http:\/\/cccadv.com.br\/site\/wp-json\/wp\/v2\/pages\/1334\/revisions\/1713"}],"wp:attachment":[{"href":"http:\/\/cccadv.com.br\/site\/wp-json\/wp\/v2\/media?parent=1334"}],"curies":[{"name":"wp","href":"https:\/\/api.w.org\/{rel}","templated":true}]}}